{"id":120,"date":"2015-03-06T12:04:28","date_gmt":"2015-03-06T11:04:28","guid":{"rendered":"http:\/\/natalijapodjavorsek.splet.arnes.si\/?page_id=120"},"modified":"2020-03-11T17:48:50","modified_gmt":"2020-03-11T16:48:50","slug":"uporabna-gradiva","status":"publish","type":"page","link":"https:\/\/natalijapodjavorsek.splet.arnes.si\/?page_id=120","title":{"rendered":"GRADIVA"},"content":{"rendered":"<p>BREZMADE\u017dNA MATI<\/p>\n<p><a href=\"https:\/\/www.youtube.com\/watch?v=JFhFKiVPIMs&amp;feature=youtu.be\">SLIKE IZ JEZUSOVEGA \u017dIVLJENJA 2019\u00a0<\/a><\/p>\n<p>&nbsp;<\/p>\n<p><a href=\"http:\/\/natalijapodjavorsek.splet.arnes.si\/?page_id=2621\">KRI\u017dEV POT<\/a><\/p>\n<table style=\"height: 371px\" width=\"1135\">\n<tbody>\n<tr>\n<td style=\"text-align: center\">\n<h1>PASIJONI<\/h1>\n<\/td>\n<td style=\"text-align: center\">\n<h1>\u00a0IGRE<\/h1>\n<\/td>\n<td style=\"text-align: center\">\n<h1>\u00a0PESMARICE<\/h1>\n<\/td>\n<td style=\"text-align: center\">\n<h1>\u00a0UVODI<\/h1>\n<\/td>\n<\/tr>\n<tr>\n<td style=\"text-align: center\">\n<p>\u00a0<a href=\"http:\/\/natalijapodjavorsek.splet.arnes.si\/files\/2015\/02\/TRPLJENJE-JEZUSA-KRISTUSA-PO-JANEZU.doc\">PASIJON PO JANEZU- NatalijaP<\/a><\/p>\n<p><a href=\"https:\/\/www.youtube.com\/watch?v=n-a6WEOM31o&amp;feature=youtu.be\">POSNETEK<\/a><\/td>\n<td style=\"text-align: center\">\u00a0<a href=\"http:\/\/natalijapodjavorsek.splet.arnes.si\/files\/2015\/03\/ko-zboli-miklav\u017e-....doc\">KO ZBOLI MIKLAV\u017d &#8211; NatalijaP<\/a><\/td>\n<td style=\"text-align: center\">\u00a0<a href=\"http:\/\/natalijapodjavorsek.splet.arnes.si\/files\/2015\/02\/pesmarica-z-akordi-FRAMA.doc\">pesmarica z akordi &#8211; FRAMA<\/a><\/td>\n<td style=\"text-align: center\"><a href=\"http:\/\/natalijapodjavorsek.splet.arnes.si\/files\/2015\/03\/UVOD-V-O\u010cENA\u0160.doc\">UVOD V O\u010cENA\u0160<\/a> <a href=\"http:\/\/natalijapodjavorsek.splet.arnes.si\/files\/2015\/03\/PEPELNICA.doc\">PEPELNICA<\/a><\/td>\n<\/tr>\n<tr>\n<td style=\"text-align: center\">\u00a0<a href=\"http:\/\/natalijapodjavorsek.splet.arnes.si\/files\/2015\/02\/PASIJON-PO-MARKU.docx\">PASIJON PO MARKU &#8211; NatalijaP<\/a><\/td>\n<td style=\"text-align: center\">\u00a0<a href=\"http:\/\/natalijapodjavorsek.splet.arnes.si\/files\/2015\/03\/BO\u017dI\u010cNICA-2004.doc\">BO\u017dI\u010cNICA 2004 &#8211; Natali<\/a><a href=\"http:\/\/natalijapodjavorsek.splet.arnes.si\/files\/2015\/03\/BO\u017dI\u010cNICA-2004.doc\">jaP<\/a><\/td>\n<td style=\"text-align: center\">\u00a0<a href=\"http:\/\/natalijapodjavorsek.splet.arnes.si\/files\/2015\/03\/pesmarica-brez-akordov-FRAMA-2004.doc\">pesmarica brez akordov- FRAMA 2004<\/a><\/td>\n<td style=\"text-align: center\"><a href=\"http:\/\/natalijapodjavorsek.splet.arnes.si\/files\/2015\/03\/TRIJE-KRALJI.doc\">TRIJE KRALJI<\/a><\/td>\n<\/tr>\n<tr>\n<td>\u00a0<a href=\"http:\/\/natalijapodjavorsek.splet.arnes.si\/files\/2015\/03\/TRPLJENJE-NA\u0160EGA-GOSPODA-JEZUSA-KRISTUSA.doc\">PASIJON &#8211; NatalijaP<\/a><\/td>\n<td>\u00a0<a href=\"http:\/\/natalijapodjavorsek.splet.arnes.si\/files\/2015\/03\/Pismo-pi\u0161emo-na\u0161emu-Milkav\u017eu.doc\">Pismo pi\u0161emo na\u0161emu Milkav\u017eu<\/a>\u00a0&#8211; NatalijaP<\/td>\n<td><\/td>\n<td>\u00a0<a href=\"http:\/\/natalijapodjavorsek.splet.arnes.si\/files\/2015\/03\/UVOD-V-O\u010cENA\u0160-\u017eegnanje..doc\">UVOD V O\u010cENA\u0160- \u017eegnanje.<\/a><\/td>\n<\/tr>\n<tr>\n<td>\n<p><a href=\"http:\/\/natalijapodjavorsek.splet.arnes.si\/files\/2015\/03\/PASIJON-po-Janezu-2017.docx\">PASIJON 2017 po Janezu <\/a><\/p>\n<p><a href=\"https:\/\/www.youtube.com\/watch?v=iFiAY2xbtX4&amp;feature=youtu.be\">POSNETEK<\/a><\/p>\n<p>&nbsp;<\/td>\n<td>\u00a0<a href=\"http:\/\/natalijapodjavorsek.splet.arnes.si\/files\/2015\/03\/BO\u017dI\u010c-O\u010cKA-MARTINA.doc\">BO\u017dI\u010c O\u010cKA MARTINA<\/a><\/td>\n<td><\/td>\n<td><\/td>\n<\/tr>\n<tr>\n<td><u><span style=\"color: #000120\"><a href=\"http:\/\/natalijapodjavorsek.splet.arnes.si\/files\/2015\/03\/pasijon-2019-luka.docx\">PASIJON 2019 po Luku \u00a0<\/a><\/span><\/u> <a href=\"https:\/\/domzalec.si\/na-cvetno-nedeljo-so-se-zacele-velikonocne-slovesnosti\/\">POSNETEK\u00a0<\/a><\/td>\n<td>\u00a0<a href=\"http:\/\/natalijapodjavorsek.splet.arnes.si\/files\/2015\/03\/MARIJA-BREZMADEZNA.doc\">MARIJA, BREZMADEZNA<\/a><\/td>\n<td><\/td>\n<td><\/td>\n<\/tr>\n<tr>\n<td><\/td>\n<td><\/td>\n<td><\/td>\n<td><\/td>\n<\/tr>\n<tr>\n<td><\/td>\n<td><\/td>\n<td><\/td>\n<td><\/td>\n<\/tr>\n<tr>\n<td><\/td>\n<td><\/td>\n<td><\/td>\n<td><\/td>\n<\/tr>\n<tr>\n<td><\/td>\n<td><\/td>\n<td><\/td>\n<td><\/td>\n<\/tr>\n<\/tbody>\n<\/table>\n<p>PASIJON<\/p>\n","protected":false},"excerpt":{"rendered":"<p>BREZMADE\u017dNA MATI SLIKE IZ JEZUSOVEGA \u017dIVLJENJA 2019\u00a0 &nbsp; KRI\u017dEV POT PASIJONI \u00a0IGRE \u00a0PESMARICE \u00a0UVODI \u00a0PASIJON PO JANEZU- NatalijaP POSNETEK \u00a0KO ZBOLI MIKLAV\u017d &#8211; NatalijaP \u00a0pesmarica z akordi &#8211; FRAMA UVOD V O\u010cENA\u0160 PEPELNICA \u00a0PASIJON PO MARKU &#8211; NatalijaP \u00a0BO\u017dI\u010cNICA 2004 &hellip; <a href=\"https:\/\/natalijapodjavorsek.splet.arnes.si\/?page_id=120\">Beri naprej <span class=\"meta-nav\">&rarr;<\/span><\/a><\/p>\n","protected":false},"author":2218,"featured_media":139,"parent":0,"menu_order":5,"comment_status":"open","ping_status":"open","template":"","meta":{"footnotes":""},"class_list":["post-120","page","type-page","status-publish","has-post-thumbnail","hentry"],"_links":{"self":[{"href":"https:\/\/natalijapodjavorsek.splet.arnes.si\/index.php?rest_route=\/wp\/v2\/pages\/120","targetHints":{"allow":["GET"]}}],"collection":[{"href":"https:\/\/natalijapodjavorsek.splet.arnes.si\/index.php?rest_route=\/wp\/v2\/pages"}],"about":[{"href":"https:\/\/natalijapodjavorsek.splet.arnes.si\/index.php?rest_route=\/wp\/v2\/types\/page"}],"author":[{"embeddable":true,"href":"https:\/\/natalijapodjavorsek.splet.arnes.si\/index.php?rest_route=\/wp\/v2\/users\/2218"}],"replies":[{"embeddable":true,"href":"https:\/\/natalijapodjavorsek.splet.arnes.si\/index.php?rest_route=%2Fwp%2Fv2%2Fcomments&post=120"}],"version-history":[{"count":24,"href":"https:\/\/natalijapodjavorsek.splet.arnes.si\/index.php?rest_route=\/wp\/v2\/pages\/120\/revisions"}],"predecessor-version":[{"id":126,"href":"https:\/\/natalijapodjavorsek.splet.arnes.si\/index.php?rest_route=\/wp\/v2\/pages\/120\/revisions\/126"}],"wp:featuredmedia":[{"embeddable":true,"href":"https:\/\/natalijapodjavorsek.splet.arnes.si\/index.php?rest_route=\/wp\/v2\/media\/139"}],"wp:attachment":[{"href":"https:\/\/natalijapodjavorsek.splet.arnes.si\/index.php?rest_route=%2Fwp%2Fv2%2Fmedia&parent=120"}],"curies":[{"name":"wp","href":"https:\/\/api.w.org\/{rel}","templated":true}]}}