{"id":1425,"date":"2017-03-24T10:39:39","date_gmt":"2017-03-24T09:39:39","guid":{"rendered":"http:\/\/natalijapodjavorsek.splet.arnes.si\/?page_id=1425"},"modified":"2019-09-07T17:10:05","modified_gmt":"2019-09-07T15:10:05","slug":"birmanci","status":"publish","type":"page","link":"https:\/\/natalijapodjavorsek.splet.arnes.si\/?page_id=1425","title":{"rendered":"BIRMANCI"},"content":{"rendered":"<p>K skupini za birmance hodijo verou\u010denci\u00a0 7 in 8 razreda.\u00a0 Praviloma gredo k birmi na za\u010detku devetega razreda. Takrat se pridru\u017eijo katehezi rednih deveto\u0161olcev, pri dru\u017einski katehezi pa sodelujejo kot animatorji.<\/p>\n<p>Birmanci se pripravljajo s pomo\u010djo rednih katehez za birmance in sicer delajo vsako leto po drugi knjigi.<\/p>\n<table>\n<tbody>\n<tr>\n<td width=\"29\">&nbsp;<\/td>\n<td width=\"283\">Priprava po priro\u010dniku You-cat birma<\/td>\n<td width=\"292\">Priprava po priro\u010dniku\u2026..<\/td>\n<\/tr>\n<tr>\n<td width=\"29\">1<\/td>\n<td width=\"283\">\n<p><strong><em>Ali imata maraton in birma kaj skupnega?<\/em><\/strong><\/p>\n<p>1.1-1.6<\/p>\n<p>&nbsp;<\/td>\n<td width=\"292\">&nbsp;<\/td>\n<\/tr>\n<tr>\n<td width=\"29\">2<\/td>\n<td width=\"283\">\n<p><strong><em>Zakaj nekateri ljudje tako vztrajno trdijo, da Boga ni?<\/em><\/strong><\/p>\n<p>2.1, 2.2, 2.3<\/p>\n<p>&nbsp;<\/td>\n<td width=\"292\">&nbsp;<\/td>\n<\/tr>\n<tr>\n<td width=\"29\">3<\/td>\n<td width=\"283\">\n<p><strong><em>Zakaj Bog ne uporabi svoje mo\u010di zato, da vsem poka\u017ee, da on res obstaja? <\/em><\/strong><\/p>\n<p>2.4, 2.5<\/p>\n<p>&nbsp;<\/td>\n<td width=\"292\">&nbsp;<\/td>\n<\/tr>\n<tr>\n<td width=\"29\">4<\/td>\n<td width=\"283\">\n<p><strong><em>Zakaj svet ni raj? <\/em><\/strong><\/p>\n<p>3.1, 3.2.<\/p>\n<p>Rim 7, 15-25<\/p>\n<p><strong><em>\u00a0<\/em><\/strong><\/td>\n<td width=\"292\">&nbsp;<\/td>\n<\/tr>\n<tr>\n<td width=\"29\">5<\/td>\n<td width=\"283\">\n<p><strong><em>Izgubili smo raj a dobili nebesa<\/em><\/strong><\/p>\n<p>3.3.\u20143.5<\/td>\n<td width=\"292\">&nbsp;<\/td>\n<\/tr>\n<tr>\n<td width=\"29\">6<\/td>\n<td width=\"283\">\n<p><strong><em>To, da je Bog postal \u010dlovek je dosti boj neverjetno kot to da je bil nek cesar ve\u010d let tesar<\/em><\/strong><\/p>\n<p>4.1., 4.2.<\/td>\n<td width=\"292\">&nbsp;<\/td>\n<\/tr>\n<tr>\n<td width=\"29\">7<\/td>\n<td width=\"283\">\n<p><strong><em>Kaj je v Jezusu Bo\u017ejega in kaj \u010dlove\u0161kega? <\/em><\/strong><\/p>\n<p>4.3, 4.4<\/td>\n<td width=\"292\">&nbsp;<\/td>\n<\/tr>\n<tr>\n<td width=\"29\">8<\/td>\n<td width=\"283\">\n<p><strong><em>Kako to, da so miroljubnega \u010dloveka, kot je Jezus, obsodili na smrt na kri\u017eu?<\/em><\/strong><\/p>\n<p>5.1, 5.2, 5.3<\/p>\n<p>&nbsp;<\/td>\n<td width=\"292\">&nbsp;<\/td>\n<\/tr>\n<tr>\n<td width=\"29\">9<\/td>\n<td width=\"283\">\n<p><strong><em>Kak\u0161en pomen ima umreti za druge? <\/em><\/strong><\/p>\n<p>5.4, 5.5<\/p>\n<p>&nbsp;<\/td>\n<td width=\"292\">&nbsp;<\/td>\n<\/tr>\n<tr>\n<td width=\"29\">10<\/td>\n<td width=\"283\">\n<p><strong><em>Iz polomije se rodi svetovna religija \u2013 kako je to mogo\u010de? <\/em><\/strong><\/p>\n<p>6.1-6.6<\/p>\n<p>&nbsp;<\/td>\n<td width=\"292\">&nbsp;<\/td>\n<\/tr>\n<tr>\n<td width=\"29\">11<\/td>\n<td width=\"283\">\n<p><strong><em>Odkrivajmo Svetega Duha<\/em><\/strong> 1<\/p>\n<p>7.<\/p>\n<p><strong><em>\u00a0<\/em><\/strong><\/td>\n<td width=\"292\">&nbsp;<\/td>\n<\/tr>\n<tr>\n<td width=\"29\">12<\/td>\n<td width=\"283\">\n<p><strong><em>Odkrivajmo Svetega Duha<\/em><\/strong> 1<\/p>\n<p>7.<\/td>\n<td width=\"292\">&nbsp;<\/td>\n<\/tr>\n<tr>\n<td width=\"29\">13<\/td>\n<td width=\"283\">\n<p><strong><em>Ljubemu Bogu je v\u0161e\u010d, da ga nadlegujemo<\/em><\/strong><\/p>\n<p>8.1 , 8.2 in 8.4<\/p>\n<p>Lk 11, 9-13<\/p>\n<p>&nbsp;<\/td>\n<td width=\"292\">&nbsp;<\/td>\n<\/tr>\n<tr>\n<td width=\"29\">14<\/td>\n<td width=\"283\">\n<p><strong><em>Mala \u0161ola molitve<\/em><\/strong><\/p>\n<p>8.3<\/p>\n<p>&nbsp;<\/td>\n<td width=\"292\">&nbsp;<\/td>\n<\/tr>\n<tr>\n<td width=\"29\">15<\/td>\n<td width=\"283\">Cerkev \u2013 domovina zate in zame \u2013 9,<\/td>\n<td width=\"292\">&nbsp;<\/td>\n<\/tr>\n<tr>\n<td width=\"29\">16<\/td>\n<td width=\"283\">Evharistija \u2013 dar Bo\u017eje velikodu\u0161nosti \u2013 10 ,<\/td>\n<td width=\"292\">&nbsp;<\/td>\n<\/tr>\n<tr>\n<td width=\"29\">17<\/td>\n<td width=\"283\">Pri spovedi se posodobimo -11<\/td>\n<td width=\"292\">&nbsp;<\/td>\n<\/tr>\n<tr>\n<td width=\"29\">18<\/td>\n<td width=\"283\">Sveto pismo<\/td>\n<td width=\"292\">&nbsp;<\/td>\n<\/tr>\n<tr>\n<td width=\"29\">19<\/td>\n<td width=\"283\">Sveto pismo<\/td>\n<td width=\"292\">&nbsp;<\/td>\n<\/tr>\n<tr>\n<td width=\"29\">20<\/td>\n<td width=\"283\">Sveto pismo<\/td>\n<td width=\"292\">&nbsp;<\/td>\n<\/tr>\n<tr>\n<td width=\"29\">21<\/td>\n<td width=\"283\">Sveto pismo<\/td>\n<td width=\"292\">&nbsp;<\/td>\n<\/tr>\n<tr>\n<td width=\"29\">22<\/td>\n<td width=\"283\">Sveto pismo<\/td>\n<td width=\"292\">&nbsp;<\/td>\n<\/tr>\n<tr>\n<td width=\"29\">23<\/td>\n<td width=\"283\">Sveto pismo<\/td>\n<td width=\"292\">&nbsp;<\/td>\n<\/tr>\n<tr>\n<td width=\"29\">24<\/td>\n<td width=\"283\">\n<p><strong><em>Kaj pomeni \u2013 postiti se!<\/em><\/strong><\/p>\n<p>&nbsp;<\/td>\n<td width=\"292\"><\/td>\n<\/tr>\n<\/tbody>\n<\/table>\n<p>&nbsp;<\/p>\n<p>&nbsp;<\/p>\n","protected":false},"excerpt":{"rendered":"<p>K skupini za birmance hodijo verou\u010denci\u00a0 7 in 8 razreda.\u00a0 Praviloma gredo k birmi na za\u010detku devetega razreda. Takrat se pridru\u017eijo katehezi rednih deveto\u0161olcev, pri dru\u017einski katehezi pa sodelujejo kot animatorji. Birmanci se pripravljajo s pomo\u010djo rednih katehez za birmance &hellip; <a href=\"https:\/\/natalijapodjavorsek.splet.arnes.si\/?page_id=1425\">Beri naprej <span class=\"meta-nav\">&rarr;<\/span><\/a><\/p>\n","protected":false},"author":2218,"featured_media":0,"parent":77,"menu_order":4,"comment_status":"closed","ping_status":"closed","template":"","meta":{"footnotes":""},"class_list":["post-1425","page","type-page","status-publish","hentry"],"_links":{"self":[{"href":"https:\/\/natalijapodjavorsek.splet.arnes.si\/index.php?rest_route=\/wp\/v2\/pages\/1425","targetHints":{"allow":["GET"]}}],"collection":[{"href":"https:\/\/natalijapodjavorsek.splet.arnes.si\/index.php?rest_route=\/wp\/v2\/pages"}],"about":[{"href":"https:\/\/natalijapodjavorsek.splet.arnes.si\/index.php?rest_route=\/wp\/v2\/types\/page"}],"author":[{"embeddable":true,"href":"https:\/\/natalijapodjavorsek.splet.arnes.si\/index.php?rest_route=\/wp\/v2\/users\/2218"}],"replies":[{"embeddable":true,"href":"https:\/\/natalijapodjavorsek.splet.arnes.si\/index.php?rest_route=%2Fwp%2Fv2%2Fcomments&post=1425"}],"version-history":[{"count":2,"href":"https:\/\/natalijapodjavorsek.splet.arnes.si\/index.php?rest_route=\/wp\/v2\/pages\/1425\/revisions"}],"predecessor-version":[{"id":1431,"href":"https:\/\/natalijapodjavorsek.splet.arnes.si\/index.php?rest_route=\/wp\/v2\/pages\/1425\/revisions\/1431"}],"up":[{"embeddable":true,"href":"https:\/\/natalijapodjavorsek.splet.arnes.si\/index.php?rest_route=\/wp\/v2\/pages\/77"}],"wp:attachment":[{"href":"https:\/\/natalijapodjavorsek.splet.arnes.si\/index.php?rest_route=%2Fwp%2Fv2%2Fmedia&parent=1425"}],"curies":[{"name":"wp","href":"https:\/\/api.w.org\/{rel}","templated":true}]}}