{"id":1433,"date":"2017-03-24T11:09:10","date_gmt":"2017-03-24T10:09:10","guid":{"rendered":"http:\/\/natalijapodjavorsek.splet.arnes.si\/?page_id=1433"},"modified":"2020-01-24T19:44:27","modified_gmt":"2020-01-24T18:44:27","slug":"predsolski-otroci","status":"publish","type":"page","link":"https:\/\/natalijapodjavorsek.splet.arnes.si\/?page_id=1433","title":{"rendered":"PRED\u0160OLSKI OTROCI"},"content":{"rendered":"<p>Skupine pred\u0161olskih otrok vodijo animatorji, ki so praviloma starej\u0161i otroci dru\u017ein vklju\u010denih v dru\u017einsko katehezo.\u00a0 Delamo po knjigi Svetopisemkse urice za otroke. Z animatorji se je potrebno redno sre\u010devati in delo na\u010drtovati. V program so vklju\u010deni otroci od dveh let naprej, za mlaj\u0161e poskrbimo zgolj za varstvo oz. so pri star\u0161ih, \u010de to ni za skupino star\u0161ev preve\u010d mote\u010do.\u00a0\u00a0 Takrat, ko imamo v okviru dru\u017einske kateheze svetopisemski kviz, imajo svoj kviz tudi otroci. Vpra\u0161anja so seveda zelo enostavna.<\/p>\n<p>Na ostalih 4 skupnih sre\u010danjih presodimo o s<\/p>\n<p>miselnosti vklju\u010dive pred\u0161olskih otrok. Lahko se pridru\u017eijo tudi samo v dolo\u010denem \u010dasu, recimo zadnjih 15 minut, sicer pa imajo svoj vzporeden program.<\/p>\n<p>&nbsp;<\/p>\n<p>&nbsp;<\/p>\n<p><a href=\"http:\/\/natalijapodjavorsek.splet.arnes.si\/files\/2019\/03\/Stop-kaj-je-to-Ma\u0161a.doc\">Stop, kaj je to- Ma\u0161<\/a>a<\/p>\n<p><a href=\"http:\/\/natalijapodjavorsek.splet.arnes.si\/files\/2017\/03\/SADOVI-SVETEGA-DUHA.pdf\">SADOVI SVETEGA DUHA<\/a><\/p>\n<audio class=\"wp-audio-shortcode\" id=\"audio-1433-1\" preload=\"none\" style=\"width: 100%;\" controls=\"controls\"><source type=\"audio\/mpeg\" src=\"http:\/\/natalijapodjavorsek.splet.arnes.si\/files\/2017\/03\/Sadovi-svetega-duha-1.m4a?_=1\" \/><a href=\"http:\/\/natalijapodjavorsek.splet.arnes.si\/files\/2017\/03\/Sadovi-svetega-duha-1.m4a\">http:\/\/natalijapodjavorsek.splet.arnes.si\/files\/2017\/03\/Sadovi-svetega-duha-1.m4a<\/a><\/audio>\n<p><a href=\"http:\/\/natalijapodjavorsek.splet.arnes.si\/files\/2017\/03\/KATEHEZE-ZA-PRED\u0160OLSKE-V-LETU-ABC-KATEKIZEM-1.docx\">KATEHEZE ZA PRED\u0160OLSKE V LETU ABC KATEKIZEM<\/a>\u00a0 (pesmi\u00a0iz\u00a0 katehez so spodaj)<\/p>\n<audio class=\"wp-audio-shortcode\" id=\"audio-1433-2\" preload=\"none\" style=\"width: 100%;\" controls=\"controls\"><source type=\"audio\/mpeg\" src=\"http:\/\/natalijapodjavorsek.splet.arnes.si\/files\/2018\/02\/Veliki-mo\u017eje.mp3?_=2\" \/><a href=\"http:\/\/natalijapodjavorsek.splet.arnes.si\/files\/2018\/02\/Veliki-mo\u017eje.mp3\">http:\/\/natalijapodjavorsek.splet.arnes.si\/files\/2018\/02\/Veliki-mo\u017eje.mp3<\/a><\/audio>\n<p>VELIKI BO\u017dJI MO\u017dJE<\/p>\n<audio class=\"wp-audio-shortcode\" id=\"audio-1433-3\" preload=\"none\" style=\"width: 100%;\" controls=\"controls\"><source type=\"audio\/mpeg\" src=\"http:\/\/natalijapodjavorsek.splet.arnes.si\/files\/2018\/02\/Ko-umivam-se.mp3?_=3\" \/><a href=\"http:\/\/natalijapodjavorsek.splet.arnes.si\/files\/2018\/02\/Ko-umivam-se.mp3\">http:\/\/natalijapodjavorsek.splet.arnes.si\/files\/2018\/02\/Ko-umivam-se.mp3<\/a><\/audio>\n<p>KO UMIVAM SE<\/p>\n<audio class=\"wp-audio-shortcode\" id=\"audio-1433-4\" preload=\"none\" style=\"width: 100%;\" controls=\"controls\"><source type=\"audio\/mpeg\" src=\"http:\/\/natalijapodjavorsek.splet.arnes.si\/files\/2018\/02\/Jezus-\u0161e-\u017divi.mp3?_=4\" \/><a href=\"http:\/\/natalijapodjavorsek.splet.arnes.si\/files\/2018\/02\/Jezus-\u0161e-\u017divi.mp3\">http:\/\/natalijapodjavorsek.splet.arnes.si\/files\/2018\/02\/Jezus-\u0161e-\u017divi.mp3<\/a><\/audio>\n<p>JEZUS SE \u017dIVI<\/p>\n<audio class=\"wp-audio-shortcode\" id=\"audio-1433-5\" preload=\"none\" style=\"width: 100%;\" controls=\"controls\"><source type=\"audio\/mpeg\" src=\"http:\/\/natalijapodjavorsek.splet.arnes.si\/files\/2018\/02\/Jezus-nas-je-re\u0161il.mp3?_=5\" \/><a href=\"http:\/\/natalijapodjavorsek.splet.arnes.si\/files\/2018\/02\/Jezus-nas-je-re\u0161il.mp3\">http:\/\/natalijapodjavorsek.splet.arnes.si\/files\/2018\/02\/Jezus-nas-je-re\u0161il.mp3<\/a><\/audio>\n<p>JEZUS NAS JE RE\u0160IL<\/p>\n<audio class=\"wp-audio-shortcode\" id=\"audio-1433-6\" preload=\"none\" style=\"width: 100%;\" controls=\"controls\"><source type=\"audio\/mpeg\" src=\"http:\/\/natalijapodjavorsek.splet.arnes.si\/files\/2018\/02\/Hvala-za-\u017eivljenje.mp3?_=6\" \/><a href=\"http:\/\/natalijapodjavorsek.splet.arnes.si\/files\/2018\/02\/Hvala-za-\u017eivljenje.mp3\">http:\/\/natalijapodjavorsek.splet.arnes.si\/files\/2018\/02\/Hvala-za-\u017eivljenje.mp3<\/a><\/audio>\n<p>HVALA ZA \u017dIVLJENJE<\/p>\n<audio class=\"wp-audio-shortcode\" id=\"audio-1433-7\" preload=\"none\" style=\"width: 100%;\" controls=\"controls\"><source type=\"audio\/mpeg\" src=\"http:\/\/natalijapodjavorsek.splet.arnes.si\/files\/2018\/02\/Bo\u017eji-vitez-sem.mp3?_=7\" \/><a href=\"http:\/\/natalijapodjavorsek.splet.arnes.si\/files\/2018\/02\/Bo\u017eji-vitez-sem.mp3\">http:\/\/natalijapodjavorsek.splet.arnes.si\/files\/2018\/02\/Bo\u017eji-vitez-sem.mp3<\/a><\/audio>\n<p>BO\u017dJI VITEZ SEM<\/p>\n<audio class=\"wp-audio-shortcode\" id=\"audio-1433-8\" preload=\"none\" style=\"width: 100%;\" controls=\"controls\"><source type=\"audio\/mpeg\" src=\"http:\/\/natalijapodjavorsek.splet.arnes.si\/files\/2018\/02\/Bil-je-vitez-mlad.mp3?_=8\" \/><a href=\"http:\/\/natalijapodjavorsek.splet.arnes.si\/files\/2018\/02\/Bil-je-vitez-mlad.mp3\">http:\/\/natalijapodjavorsek.splet.arnes.si\/files\/2018\/02\/Bil-je-vitez-mlad.mp3<\/a><\/audio>\n<p>BIL JE VITEZ MLAD<\/p>\n","protected":false},"excerpt":{"rendered":"<p>Skupine pred\u0161olskih otrok vodijo animatorji, ki so praviloma starej\u0161i otroci dru\u017ein vklju\u010denih v dru\u017einsko katehezo.\u00a0 Delamo po knjigi Svetopisemkse urice za otroke. Z animatorji se je potrebno redno sre\u010devati in delo na\u010drtovati. V program so vklju\u010deni otroci od dveh let &hellip; <a href=\"https:\/\/natalijapodjavorsek.splet.arnes.si\/?page_id=1433\">Beri naprej <span class=\"meta-nav\">&rarr;<\/span><\/a><\/p>\n","protected":false},"author":2218,"featured_media":0,"parent":77,"menu_order":1,"comment_status":"closed","ping_status":"closed","template":"","meta":{"footnotes":""},"class_list":["post-1433","page","type-page","status-publish","hentry"],"_links":{"self":[{"href":"https:\/\/natalijapodjavorsek.splet.arnes.si\/index.php?rest_route=\/wp\/v2\/pages\/1433","targetHints":{"allow":["GET"]}}],"collection":[{"href":"https:\/\/natalijapodjavorsek.splet.arnes.si\/index.php?rest_route=\/wp\/v2\/pages"}],"about":[{"href":"https:\/\/natalijapodjavorsek.splet.arnes.si\/index.php?rest_route=\/wp\/v2\/types\/page"}],"author":[{"embeddable":true,"href":"https:\/\/natalijapodjavorsek.splet.arnes.si\/index.php?rest_route=\/wp\/v2\/users\/2218"}],"replies":[{"embeddable":true,"href":"https:\/\/natalijapodjavorsek.splet.arnes.si\/index.php?rest_route=%2Fwp%2Fv2%2Fcomments&post=1433"}],"version-history":[{"count":8,"href":"https:\/\/natalijapodjavorsek.splet.arnes.si\/index.php?rest_route=\/wp\/v2\/pages\/1433\/revisions"}],"predecessor-version":[{"id":2617,"href":"https:\/\/natalijapodjavorsek.splet.arnes.si\/index.php?rest_route=\/wp\/v2\/pages\/1433\/revisions\/2617"}],"up":[{"embeddable":true,"href":"https:\/\/natalijapodjavorsek.splet.arnes.si\/index.php?rest_route=\/wp\/v2\/pages\/77"}],"wp:attachment":[{"href":"https:\/\/natalijapodjavorsek.splet.arnes.si\/index.php?rest_route=%2Fwp%2Fv2%2Fmedia&parent=1433"}],"curies":[{"name":"wp","href":"https:\/\/api.w.org\/{rel}","templated":true}]}}