{"id":1491,"date":"2017-03-29T15:48:35","date_gmt":"2017-03-29T13:48:35","guid":{"rendered":"http:\/\/natalijapodjavorsek.splet.arnes.si\/?page_id=1491"},"modified":"2019-09-07T17:09:53","modified_gmt":"2019-09-07T15:09:53","slug":"predlogi-katehez-za-starse","status":"publish","type":"page","link":"https:\/\/natalijapodjavorsek.splet.arnes.si\/?page_id=1491","title":{"rendered":"PREDLOGI KATEHEZ ZA STAR\u0160E"},"content":{"rendered":"<table>\n<tbody>\n<tr>\n<td width=\"178\"><\/td>\n<td width=\"178\"><strong><em>leto A<\/em><\/strong><\/td>\n<td width=\"178\"><strong><em>leto B<\/em><\/strong><\/td>\n<td width=\"178\"><strong><em>leto C<\/em><\/strong><\/td>\n<\/tr>\n<tr>\n<td rowspan=\"5\" width=\"178\">\n<h3><em><strong>SLEDENJE<\/strong><\/em><\/h3>\n<h3><em><strong>CERKVENEMU LETU<\/strong><\/em><\/h3>\n<\/td>\n<td width=\"178\">CERKVENO LETO &#8211; splo\u0161no<\/td>\n<td width=\"178\">\u00a0<a href=\"http:\/\/natalijapodjavorsek.splet.arnes.si\/?p=1559\">NEDELJA BO\u017dJEGA USMILJENJA<\/a><\/td>\n<td width=\"178\">POMEN PRAZNIKA VSEH SVETIH<\/td>\n<\/tr>\n<tr>\n<td width=\"178\"><a href=\"http:\/\/natalijapodjavorsek.splet.arnes.si\/?p=1621\">ADVENT1<\/a><\/td>\n<td width=\"178\"><a href=\"http:\/\/natalijapodjavorsek.splet.arnes.si\/?p=1631\">ADVENTNI \u010cAS- zakaj, od kdaj, simbolika<\/a><\/td>\n<td width=\"178\"><a href=\"http:\/\/natalijapodjavorsek.splet.arnes.si\/?p=1643\">\u010cAS PRED BO\u017dI\u010cEM <\/a><\/td>\n<\/tr>\n<tr>\n<td width=\"178\">\u010cEMU POST, TRPLJENJE IN ODPOVED?<\/td>\n<td width=\"178\"><a href=\"http:\/\/natalijapodjavorsek.splet.arnes.si\/?p=1755\">SIMBOLIKA VELIKEGA TEDNA<\/a><\/td>\n<td width=\"178\"><a href=\"http:\/\/natalijapodjavorsek.splet.arnes.si\/files\/2015\/03\/Postni-cas.pptx\">POSTNI \u010cAS- od kdaj, zakaj, simbolika<\/a><\/td>\n<\/tr>\n<tr>\n<td width=\"178\">VELIKONO\u010cNI \u017dEGEN- zakaj, od kdaj, simbolika<\/td>\n<td width=\"178\">KAJ SO DELALI U\u010cENCI PO JEZUSOVEM VSTAJENJU?<\/td>\n<td width=\"178\">KAJ JE DELAL JEZUSU PO SVOJEM VSTAJENJU?<\/td>\n<\/tr>\n<tr>\n<td width=\"178\"><\/td>\n<td width=\"178\"><\/td>\n<td width=\"178\"><\/td>\n<\/tr>\n<tr>\n<td width=\"178\">\n<h3><strong><em>MA\u0160A<\/em><\/strong><\/h3>\n<\/td>\n<td width=\"178\">\n<p><a href=\"http:\/\/natalijapodjavorsek.splet.arnes.si\/?page_id=1237\">Pomen posameznih delov svete ma\u0161e<\/a><\/p>\n<p><a href=\"http:\/\/www.liturgija.si\/wp-content\/uploads\/2010\/10\/Evhatistija-po-evharistiji.pdf\">Ma\u0161a zahvalna daritev<\/a><\/td>\n<td width=\"178\">\n<p><a href=\"http:\/\/natalijapodjavorsek.splet.arnes.si\/?p=1531\">Potek ma\u0161e in pot v Emavs<\/a><\/p>\n<p>LITURGI\u010cNE DR\u017dE<\/td>\n<td width=\"178\">\n<p><a href=\"http:\/\/natalijapodjavorsek.splet.arnes.si\/?page_id=1263\">BOGOSLU\u017dNA OBLA\u010cILA<\/a><\/p>\n<p><a href=\"http:\/\/natalijapodjavorsek.splet.arnes.si\/?p=1575\">KAJ DELAMO PRI MA\u0160I? <\/a><\/td>\n<\/tr>\n<tr>\n<td width=\"178\">\n<h3><em><strong>VERA<\/strong><\/em><\/h3>\n<\/td>\n<td width=\"178\">Verujem v ve\u010dno \u017eivljenje<\/td>\n<td width=\"178\"><\/td>\n<td width=\"178\"><\/td>\n<\/tr>\n<tr>\n<td width=\"178\">\n<h3><em><strong>BITI KRISTJAN<\/strong><\/em><\/h3>\n<\/td>\n<td width=\"178\">\n<p><a href=\"http:\/\/natalijapodjavorsek.splet.arnes.si\/?p=1497\">\u00a0Kristjan v odnosu do sveta<\/a><\/p>\n<p><a href=\"http:\/\/natalijapodjavorsek.splet.arnes.si\/?p=1549\">Kdo so kristjani in v kaj verjamejo?<\/a><\/td>\n<td width=\"178\">\n<p>\u00a0<a href=\"http:\/\/natalijapodjavorsek.splet.arnes.si\/?p=1507\">Sekularizacija- \u017eiveti v svetu, ki re\u010de Bogu &#8220;zbogom&#8221; <\/a><\/p>\n<p>&nbsp;<\/td>\n<td width=\"178\">\u00a0<a href=\"http:\/\/natalijapodjavorsek.splet.arnes.si\/?p=1519\">Prednosti in slabosti slovenske cerkve <\/a><\/td>\n<\/tr>\n<tr>\n<td width=\"178\"><\/td>\n<td width=\"178\">\u00a0Protestanti, pravoslavni in katoili\u010dani<\/td>\n<td width=\"178\"><\/td>\n<td width=\"178\"><\/td>\n<\/tr>\n<tr>\n<td width=\"178\">\n<h3>\u00a0<em><strong>MARIJA<\/strong><\/em><\/h3>\n<\/td>\n<td width=\"178\">\u00a0<a href=\"http:\/\/natalijapodjavorsek.splet.arnes.si\/files\/2017\/03\/marija-v-sirskem-izro\u010dilu.pdf\">Marija v sirskem izro\u010dilu<\/a><\/td>\n<td width=\"178\"><a href=\"http:\/\/natalijapodjavorsek.splet.arnes.si\/?p=1767\">\u00a0Marija kot nova Eva <\/a><\/td>\n<td width=\"178\"><\/td>\n<\/tr>\n<tr>\n<td width=\"178\">\u00a0ZAKRAMENTI<\/td>\n<td width=\"178\">\n<p>\u00a0<a href=\"http:\/\/natalijapodjavorsek.splet.arnes.si\/?p=1569\">Vse o spovedi in kako se nanjo prioraviti<\/a><\/p>\n<p>&nbsp;<\/p>\n<p>&nbsp;<\/td>\n<td width=\"178\">\n<p><a href=\"http:\/\/natalijapodjavorsek.splet.arnes.si\/?p=1607\">Bolni\u0161ko maziljenje <\/a><\/p>\n<p><a href=\"http:\/\/natalijapodjavorsek.splet.arnes.si\/?p=1585\">Evharistija-hrana za ve\u010dno \u017eivljenje\u00a0 <\/a><\/td>\n<td width=\"178\">\u00a0<a href=\"http:\/\/natalijapodjavorsek.splet.arnes.si\/?p=1593\">Zakrament pokore in sprave<\/a><\/td>\n<\/tr>\n<tr>\n<td width=\"178\">\u00a0DOGME<\/td>\n<td width=\"178\">\u00a0<a href=\"http:\/\/natalijapodjavorsek.splet.arnes.si\/?p=1775\">Sveta trojica<\/a><\/td>\n<td width=\"178\">Brezmade\u017eno spo\u010detje<\/td>\n<td width=\"178\"><\/td>\n<\/tr>\n<tr>\n<td width=\"178\">\u00a0ZAPOVEDI<\/td>\n<td width=\"178\">\u00a0<a href=\"http:\/\/natalijapodjavorsek.splet.arnes.si\/?p=2117\">Deset zapovedi v stari in v novi zavezi<\/a><\/td>\n<td width=\"178\"><\/td>\n<td width=\"178\"><\/td>\n<\/tr>\n<tr>\n<td width=\"178\">ZGODOVINA CERKVE<\/td>\n<td width=\"178\">\u00a0<a href=\"http:\/\/natalijapodjavorsek.splet.arnes.si\/?p=2143\">Kri\u017earske vojne\u00a0<\/a><\/td>\n<td width=\"178\"><\/td>\n<td width=\"178\"><\/td>\n<\/tr>\n<tr>\n<td width=\"178\">\u00a0USMILJENI SAMARIJAN DANES<\/td>\n<td width=\"178\"><\/td>\n<td width=\"178\">https:\/\/www.youtube.com\/watch?v=knujQ81iWjk<\/td>\n<td width=\"178\"><\/td>\n<\/tr>\n<tr>\n<td width=\"178\"><\/td>\n<td width=\"178\"><\/td>\n<td width=\"178\"><\/td>\n<td width=\"178\"><\/td>\n<\/tr>\n<tr>\n<td width=\"178\"><\/td>\n<td width=\"178\"><\/td>\n<td width=\"178\"><\/td>\n<td width=\"178\"><\/td>\n<\/tr>\n<tr>\n<td width=\"178\"><\/td>\n<td width=\"178\"><\/td>\n<td width=\"178\"><\/td>\n<td width=\"178\"><\/td>\n<\/tr>\n<tr>\n<td width=\"178\"><\/td>\n<td width=\"178\"><\/td>\n<td width=\"178\"><\/td>\n<td width=\"178\"><\/td>\n<\/tr>\n<tr>\n<td width=\"178\"><\/td>\n<td width=\"178\"><\/td>\n<td width=\"178\"><\/td>\n<td width=\"178\"><\/td>\n<\/tr>\n<tr>\n<td width=\"178\"><\/td>\n<td width=\"178\"><\/td>\n<td width=\"178\"><\/td>\n<td width=\"178\"><\/td>\n<\/tr>\n<tr>\n<td width=\"178\"><\/td>\n<td width=\"178\"><\/td>\n<td width=\"178\"><\/td>\n<td width=\"178\"><\/td>\n<\/tr>\n<tr>\n<td width=\"178\"><\/td>\n<td width=\"178\"><\/td>\n<td width=\"178\"><\/td>\n<td width=\"178\"><\/td>\n<\/tr>\n<tr>\n<td width=\"178\"><\/td>\n<td width=\"178\"><\/td>\n<td width=\"178\"><\/td>\n<td width=\"178\"><\/td>\n<\/tr>\n<tr>\n<td width=\"178\"><\/td>\n<td width=\"178\"><\/td>\n<td width=\"178\"><\/td>\n<td width=\"178\"><\/td>\n<\/tr>\n<tr>\n<td width=\"178\"><\/td>\n<td width=\"178\"><\/td>\n<td width=\"178\"><\/td>\n<td width=\"178\"><\/td>\n<\/tr>\n<tr>\n<td width=\"178\"><\/td>\n<td width=\"178\"><\/td>\n<td width=\"178\"><\/td>\n<td width=\"178\"><\/td>\n<\/tr>\n<tr>\n<td width=\"178\"><\/td>\n<td width=\"178\"><\/td>\n<td width=\"178\"><\/td>\n<td width=\"178\"><\/td>\n<\/tr>\n<\/tbody>\n<\/table>\n<p>&nbsp;<\/p>\n","protected":false},"excerpt":{"rendered":"<p>leto A leto B leto C SLEDENJE CERKVENEMU LETU CERKVENO LETO &#8211; splo\u0161no \u00a0NEDELJA BO\u017dJEGA USMILJENJA POMEN PRAZNIKA VSEH SVETIH ADVENT1 ADVENTNI \u010cAS- zakaj, od kdaj, simbolika \u010cAS PRED BO\u017dI\u010cEM \u010cEMU POST, TRPLJENJE IN ODPOVED? SIMBOLIKA VELIKEGA TEDNA POSTNI \u010cAS- &hellip; <a href=\"https:\/\/natalijapodjavorsek.splet.arnes.si\/?page_id=1491\">Beri naprej <span class=\"meta-nav\">&rarr;<\/span><\/a><\/p>\n","protected":false},"author":2218,"featured_media":0,"parent":154,"menu_order":0,"comment_status":"closed","ping_status":"closed","template":"","meta":{"footnotes":""},"class_list":["post-1491","page","type-page","status-publish","hentry"],"_links":{"self":[{"href":"https:\/\/natalijapodjavorsek.splet.arnes.si\/index.php?rest_route=\/wp\/v2\/pages\/1491","targetHints":{"allow":["GET"]}}],"collection":[{"href":"https:\/\/natalijapodjavorsek.splet.arnes.si\/index.php?rest_route=\/wp\/v2\/pages"}],"about":[{"href":"https:\/\/natalijapodjavorsek.splet.arnes.si\/index.php?rest_route=\/wp\/v2\/types\/page"}],"author":[{"embeddable":true,"href":"https:\/\/natalijapodjavorsek.splet.arnes.si\/index.php?rest_route=\/wp\/v2\/users\/2218"}],"replies":[{"embeddable":true,"href":"https:\/\/natalijapodjavorsek.splet.arnes.si\/index.php?rest_route=%2Fwp%2Fv2%2Fcomments&post=1491"}],"version-history":[{"count":36,"href":"https:\/\/natalijapodjavorsek.splet.arnes.si\/index.php?rest_route=\/wp\/v2\/pages\/1491\/revisions"}],"predecessor-version":[{"id":2231,"href":"https:\/\/natalijapodjavorsek.splet.arnes.si\/index.php?rest_route=\/wp\/v2\/pages\/1491\/revisions\/2231"}],"up":[{"embeddable":true,"href":"https:\/\/natalijapodjavorsek.splet.arnes.si\/index.php?rest_route=\/wp\/v2\/pages\/154"}],"wp:attachment":[{"href":"https:\/\/natalijapodjavorsek.splet.arnes.si\/index.php?rest_route=%2Fwp%2Fv2%2Fmedia&parent=1491"}],"curies":[{"name":"wp","href":"https:\/\/api.w.org\/{rel}","templated":true}]}}