{"id":154,"date":"2015-03-06T12:22:25","date_gmt":"2015-03-06T12:22:25","guid":{"rendered":"http:\/\/natalijapodjavorsek.splet.arnes.si\/?page_id=154"},"modified":"2017-03-29T15:57:25","modified_gmt":"2017-03-29T13:57:25","slug":"kateheza-starsev","status":"publish","type":"page","link":"https:\/\/natalijapodjavorsek.splet.arnes.si\/?page_id=154","title":{"rendered":"KATEHEZA STAR\u0160EV"},"content":{"rendered":"<h4>Star\u0161i so zelo pomemben del dru\u017einske kateheze. \u010ce je potrebno izbirati med dobrim katehetom za star\u0161e in dobrim katehetom za otroke, je potrebno izbrati najbolj\u0161ega za stra\u0161e, kajti \u010de bodo star\u0161i vedeli v kaj in zakaj verujejo, potem bodo vero lahko sami prena\u0161ali na otroke in tako je prav, kajti star\u0161i smo\/so prvi katehetje svojim otrokom.<\/h4>\n<p>Izku\u0161nje ka\u017eejo, da star\u0161i radi hodijo na katehezo, ko enkrat za\u010dutijo, da je to prostor, kjer lahko spregovorijo o vsebinah, ki so v slu\u017ebi in okolju kjer \u017eivimo skoraj tabu. Tak\u0161ni pogovori tudi opogumljajo star\u0161e, da la\u017eje zagovorjajo svoje stali\u0161\u010de v \u0161ir\u0161em okolju.<\/p>\n<p>Star\u0161i radi prebirajo Sveto pismo, \u0161e posebej,\u00a0 ko jim nekdo razlo\u017ei, kako Sveto pismo brati in kako razumeti. Jana Podjavor\u0161ek vedno poudarja, da je treba Sveto pismo brati kot ljubezensko pismo, torej pismo nekoga, ki te ima zelo rad in zato karkoli napi\u0161e,\u00a0 napi\u0161e zato, ker je to zate dobro.<\/p>\n<p>V katehezi morajo star\u0161i imeti svobodo, da govorijo \u010de \u017eelijo govoriti in samo poslu\u0161ajo, \u010de jim je to ljub\u0161e.<\/p>\n<h4><a href=\"http:\/\/natalijapodjavorsek.splet.arnes.si\/?page_id=1491\">VSEBINSKE PREDLOGE ZA KATEHEZO STAR\u0160EV <\/a><\/h4>\n<h2>CILJI KATEHEZE STAR\u0160EV<\/h2>\n<ul>\n<li>\n<h4><span style=\"color: #339966\"><b>Ozavestiti dejstvo, da so prvi kateheti otrokom.<\/b><\/span><\/h4>\n<\/li>\n<li>\n<h4><span style=\"color: #339966\"><b> Spoznati vsebino Svetega pisma, da jo bodo lahko posredovali otrokom.<\/b><\/span><\/h4>\n<\/li>\n<li>\n<h4><span style=\"color: #339966\"><b> Spoznati pomen zakramentov za na\u0161e \u017eivljenje in kako iz njih \u017eiveti.<\/b><\/span><\/h4>\n<\/li>\n<li>\n<h4><span style=\"color: #339966\"><b> Poglobiti in razumevati vsebino <\/b><b>na\u0161e vere, da jo bomo lahko \u017eiveli <\/b><\/span><b><span style=\"color: #339966\">globlje in jo znali posredovati otrokom.<\/span><br \/>\n<\/b><\/h4>\n<\/li>\n<\/ul>\n<h2><strong>VSEBINE PREKO KATERIH STAR\u0160I DOSEGAJO\u00a0 ZASTAVLJENJE CILJE: <\/strong><\/h2>\n<ul>\n<li><strong>SVETO PISMO <\/strong>(7 ur v letu)<\/li>\n<li><strong>BRANJE IZBRANE KNJIGE Z DUHOVNO VSEBINO <\/strong>(doma)\u00a0 <strong>IN POGOVOR OB NJEJ <\/strong>(5 ur v letu)<\/li>\n<li><strong>KATEKIZEM KATOLI\u0160KE CERKVE in OKRO\u017dNICE <\/strong>(3 ure letno)<\/li>\n<li><strong>SLEDENJE CERKVENEMU\u00a0 LETU<\/strong>\u00a0 (3 ure letno)<\/li>\n<li><strong>MOLITEV <\/strong>(3 ure letno)<\/li>\n<li><strong>AKTUALNO<\/strong> (4 ure)<\/li>\n<\/ul>\n<h3 style=\"text-align: center\"><a title=\"PROGRAM PRVIH TREH LET ZA STAR\u0160E\" href=\"http:\/\/natalijapodjavorsek.splet.arnes.si\/?page_id=298\"><span style=\"color: #0000ff\"><strong><span style=\"color: #339966\">PROGRAM PRVIH TREH LET KATEHEZE ZA STAR\u0160E V DOM\u017dALAH<\/span> <\/strong><\/span><\/a><\/h3>\n","protected":false},"excerpt":{"rendered":"<p>Star\u0161i so zelo pomemben del dru\u017einske kateheze. \u010ce je potrebno izbirati med dobrim katehetom za star\u0161e in dobrim katehetom za otroke, je potrebno izbrati najbolj\u0161ega za stra\u0161e, kajti \u010de bodo star\u0161i vedeli v kaj in zakaj verujejo, potem bodo vero &hellip; <a href=\"https:\/\/natalijapodjavorsek.splet.arnes.si\/?page_id=154\">Beri naprej <span class=\"meta-nav\">&rarr;<\/span><\/a><\/p>\n","protected":false},"author":2218,"featured_media":314,"parent":77,"menu_order":5,"comment_status":"open","ping_status":"closed","template":"","meta":{"footnotes":""},"class_list":["post-154","page","type-page","status-publish","has-post-thumbnail","hentry"],"_links":{"self":[{"href":"https:\/\/natalijapodjavorsek.splet.arnes.si\/index.php?rest_route=\/wp\/v2\/pages\/154","targetHints":{"allow":["GET"]}}],"collection":[{"href":"https:\/\/natalijapodjavorsek.splet.arnes.si\/index.php?rest_route=\/wp\/v2\/pages"}],"about":[{"href":"https:\/\/natalijapodjavorsek.splet.arnes.si\/index.php?rest_route=\/wp\/v2\/types\/page"}],"author":[{"embeddable":true,"href":"https:\/\/natalijapodjavorsek.splet.arnes.si\/index.php?rest_route=\/wp\/v2\/users\/2218"}],"replies":[{"embeddable":true,"href":"https:\/\/natalijapodjavorsek.splet.arnes.si\/index.php?rest_route=%2Fwp%2Fv2%2Fcomments&post=154"}],"version-history":[{"count":6,"href":"https:\/\/natalijapodjavorsek.splet.arnes.si\/index.php?rest_route=\/wp\/v2\/pages\/154\/revisions"}],"predecessor-version":[{"id":1503,"href":"https:\/\/natalijapodjavorsek.splet.arnes.si\/index.php?rest_route=\/wp\/v2\/pages\/154\/revisions\/1503"}],"up":[{"embeddable":true,"href":"https:\/\/natalijapodjavorsek.splet.arnes.si\/index.php?rest_route=\/wp\/v2\/pages\/77"}],"wp:featuredmedia":[{"embeddable":true,"href":"https:\/\/natalijapodjavorsek.splet.arnes.si\/index.php?rest_route=\/wp\/v2\/media\/314"}],"wp:attachment":[{"href":"https:\/\/natalijapodjavorsek.splet.arnes.si\/index.php?rest_route=%2Fwp%2Fv2%2Fmedia&parent=154"}],"curies":[{"name":"wp","href":"https:\/\/api.w.org\/{rel}","templated":true}]}}