{"id":17,"date":"2014-06-04T14:06:42","date_gmt":"2014-06-04T13:06:42","guid":{"rendered":"http:\/\/natalijapodjavorsek.splet.arnes.si\/?page_id=17"},"modified":"2017-03-10T08:22:35","modified_gmt":"2017-03-10T07:22:35","slug":"nebeski-postar","status":"publish","type":"page","link":"https:\/\/natalijapodjavorsek.splet.arnes.si\/?page_id=17","title":{"rendered":"SVETO PISMO"},"content":{"rendered":"<ul>\n<li>Vsako leto so \u0161tiri sre\u010danja Dru\u017einske kateheze namenjena Svetopisemskemu kvizu. Dru\u017eine dobijo odlomke iz Svetega pisma, katerih vsebina bo na kvizu preverjena.\u00a0 Na kvizu lahko tekmujejo med seboj posamezne dru\u017eine, lahko se po ve\u010d dru\u017ein zdru\u017ei v ekipo, tekmujejo lahko med seboj tudi ekipe manj\u0161ih otrok, ve\u010djih otrok, ekipa o\u010detov in mam.<\/li>\n<\/ul>\n<p><!--more--><\/p>\n<p><a href=\"http:\/\/natalijapodjavorsek.splet.arnes.si\/files\/2014\/06\/PO-POTI-USMILJENJA-2.docx\">PO POTI USMILJENJA &#8211; iskanje zaklada s pomo\u010djo iskanja odlomkov v svetem pismu <\/a><\/p>\n<table width=\"564\">\n<tbody>\n<tr>\n<td width=\"141\"><\/td>\n<td width=\"141\"><\/td>\n<td width=\"141\"><\/td>\n<td width=\"141\"><\/td>\n<\/tr>\n<tr>\n<td width=\"141\"><\/td>\n<td width=\"141\"><\/td>\n<td width=\"141\"><\/td>\n<td width=\"141\"><\/td>\n<\/tr>\n<\/tbody>\n<\/table>\n<p>&nbsp;<\/p>\n<p>&nbsp;<\/p>\n<p>&nbsp;<\/p>\n<p>&nbsp;<\/p>\n<p>&nbsp;<\/p>\n<p>&nbsp;<\/p>\n","protected":false},"excerpt":{"rendered":"<p>Vsako leto so \u0161tiri sre\u010danja Dru\u017einske kateheze namenjena Svetopisemskemu kvizu. Dru\u017eine dobijo odlomke iz Svetega pisma, katerih vsebina bo na kvizu preverjena.\u00a0 Na kvizu lahko tekmujejo med seboj posamezne dru\u017eine, lahko se po ve\u010d dru\u017ein zdru\u017ei v ekipo, tekmujejo lahko &hellip; <a href=\"https:\/\/natalijapodjavorsek.splet.arnes.si\/?page_id=17\">Beri naprej <span class=\"meta-nav\">&rarr;<\/span><\/a><\/p>\n","protected":false},"author":2218,"featured_media":141,"parent":0,"menu_order":4,"comment_status":"open","ping_status":"open","template":"","meta":{"footnotes":""},"class_list":["post-17","page","type-page","status-publish","has-post-thumbnail","hentry"],"_links":{"self":[{"href":"https:\/\/natalijapodjavorsek.splet.arnes.si\/index.php?rest_route=\/wp\/v2\/pages\/17","targetHints":{"allow":["GET"]}}],"collection":[{"href":"https:\/\/natalijapodjavorsek.splet.arnes.si\/index.php?rest_route=\/wp\/v2\/pages"}],"about":[{"href":"https:\/\/natalijapodjavorsek.splet.arnes.si\/index.php?rest_route=\/wp\/v2\/types\/page"}],"author":[{"embeddable":true,"href":"https:\/\/natalijapodjavorsek.splet.arnes.si\/index.php?rest_route=\/wp\/v2\/users\/2218"}],"replies":[{"embeddable":true,"href":"https:\/\/natalijapodjavorsek.splet.arnes.si\/index.php?rest_route=%2Fwp%2Fv2%2Fcomments&post=17"}],"version-history":[{"count":11,"href":"https:\/\/natalijapodjavorsek.splet.arnes.si\/index.php?rest_route=\/wp\/v2\/pages\/17\/revisions"}],"predecessor-version":[{"id":671,"href":"https:\/\/natalijapodjavorsek.splet.arnes.si\/index.php?rest_route=\/wp\/v2\/pages\/17\/revisions\/671"}],"wp:featuredmedia":[{"embeddable":true,"href":"https:\/\/natalijapodjavorsek.splet.arnes.si\/index.php?rest_route=\/wp\/v2\/media\/141"}],"wp:attachment":[{"href":"https:\/\/natalijapodjavorsek.splet.arnes.si\/index.php?rest_route=%2Fwp%2Fv2%2Fmedia&parent=17"}],"curies":[{"name":"wp","href":"https:\/\/api.w.org\/{rel}","templated":true}]}}