{"id":2217,"date":"2017-12-04T08:38:05","date_gmt":"2017-12-04T07:38:05","guid":{"rendered":"http:\/\/natalijapodjavorsek.splet.arnes.si\/?page_id=2217"},"modified":"2019-09-07T17:09:45","modified_gmt":"2019-09-07T15:09:45","slug":"abc-katekizem","status":"publish","type":"page","link":"https:\/\/natalijapodjavorsek.splet.arnes.si\/?page_id=2217","title":{"rendered":"ABC KATEKIZEM"},"content":{"rendered":"<p>Vsaka 4 leta imamo 4 sre\u010danja v letu namenjena nalogam povezanim z vsebinami katekizma. Razdelimo se v manj\u0161e skupine, obi\u010dajno po starosti in skupine hodijo iz enega prostora v drugega in tam jih \u010daka naloga. Lahko pa hodijo voditelji iz enega prostora v drugega, da se izognemo gne\u010di na hodniku. Otrokom je bolj v\u0161e\u010d premikanje udele\u017eencev, star\u0161em pa bolj premikanje voditeljev.<\/p>\n<p>prvi <a href=\"http:\/\/natalijapodjavorsek.splet.arnes.si\/files\/2015\/02\/kviz-ABC-katekizem-1.docx\">kviz ABC katekizem<\/a> (vera, cerkvene zapovedi, zakramenti)<\/p>\n<p><a href=\"http:\/\/natalijapodjavorsek.splet.arnes.si\/files\/2017\/12\/kviz-ABC-katekizem-2.docx\">drugi kviz ABC katekizem (zapoved Ne ne\u010distuj, veruj v ve\u010dno \u017eivljenje, pet cerkvenih zapovedi) <\/a><\/p>\n<p>&nbsp;<\/p>\n<p>&nbsp;<\/p>\n<p>&nbsp;<\/p>\n","protected":false},"excerpt":{"rendered":"<p>Vsaka 4 leta imamo 4 sre\u010danja v letu namenjena nalogam povezanim z vsebinami katekizma. Razdelimo se v manj\u0161e skupine, obi\u010dajno po starosti in skupine hodijo iz enega prostora v drugega in tam jih \u010daka naloga. Lahko pa hodijo voditelji iz &hellip; <a href=\"https:\/\/natalijapodjavorsek.splet.arnes.si\/?page_id=2217\">Beri naprej <span class=\"meta-nav\">&rarr;<\/span><\/a><\/p>\n","protected":false},"author":2218,"featured_media":0,"parent":96,"menu_order":0,"comment_status":"closed","ping_status":"closed","template":"","meta":{"footnotes":""},"class_list":["post-2217","page","type-page","status-publish","hentry"],"_links":{"self":[{"href":"https:\/\/natalijapodjavorsek.splet.arnes.si\/index.php?rest_route=\/wp\/v2\/pages\/2217","targetHints":{"allow":["GET"]}}],"collection":[{"href":"https:\/\/natalijapodjavorsek.splet.arnes.si\/index.php?rest_route=\/wp\/v2\/pages"}],"about":[{"href":"https:\/\/natalijapodjavorsek.splet.arnes.si\/index.php?rest_route=\/wp\/v2\/types\/page"}],"author":[{"embeddable":true,"href":"https:\/\/natalijapodjavorsek.splet.arnes.si\/index.php?rest_route=\/wp\/v2\/users\/2218"}],"replies":[{"embeddable":true,"href":"https:\/\/natalijapodjavorsek.splet.arnes.si\/index.php?rest_route=%2Fwp%2Fv2%2Fcomments&post=2217"}],"version-history":[{"count":4,"href":"https:\/\/natalijapodjavorsek.splet.arnes.si\/index.php?rest_route=\/wp\/v2\/pages\/2217\/revisions"}],"predecessor-version":[{"id":2227,"href":"https:\/\/natalijapodjavorsek.splet.arnes.si\/index.php?rest_route=\/wp\/v2\/pages\/2217\/revisions\/2227"}],"up":[{"embeddable":true,"href":"https:\/\/natalijapodjavorsek.splet.arnes.si\/index.php?rest_route=\/wp\/v2\/pages\/96"}],"wp:attachment":[{"href":"https:\/\/natalijapodjavorsek.splet.arnes.si\/index.php?rest_route=%2Fwp%2Fv2%2Fmedia&parent=2217"}],"curies":[{"name":"wp","href":"https:\/\/api.w.org\/{rel}","templated":true}]}}