{"id":2401,"date":"2018-11-17T18:30:21","date_gmt":"2018-11-17T17:30:21","guid":{"rendered":"http:\/\/natalijapodjavorsek.splet.arnes.si\/?page_id=2401"},"modified":"2019-09-07T17:10:00","modified_gmt":"2019-09-07T15:10:00","slug":"trije-kralji","status":"publish","type":"page","link":"https:\/\/natalijapodjavorsek.splet.arnes.si\/?page_id=2401","title":{"rendered":"TRije kralji"},"content":{"rendered":"<p>\u00bb<em>V<\/em><em>\u00a0tej poti modrih z Vzhoda je simbolizirana usoda vsakega \u010dloveka<\/em>:\u00a0<em>na\u0161e \u017eivljenje pomeni hoditi, razsvetljeni od lu\u010di, ki osvetljujejo cesto,\u00a0<\/em><em>da bi na\u0161li polnost resnice in ljubezni, ki jo mi, kristjani, prepozna<\/em><em>vamo v Jezusu, Lu\u010di sveta.<\/em>\u00ab Tako je zatrdil pape\u017e Fran\u010di\u0161ek, ko je daroval sveto ma\u0161o v vatikanski baziliki. Danes obhajamo praznik Gospodovega razgla\u0161enja ali praznik Svetih treh kraljev. Pape\u017e je homilijo tako za\u010del z izrazom iz prazni\u010dne bogoslu\u017ene himne: \u00bb<em>Lumen requirunt lumine<\/em>.\u00ab Te besede se nana\u0161ajo na izku\u0161njo modrih: slede\u010d lu\u010di so iskali Lu\u010d.<\/p>\n<p><strong>Znamenja za orientacijo na poti najdemo v dveh knjigah<\/strong><br \/>\nZvezda, ki se je prikazala na nebu, je v razumu in srcu modrih pri\u017egala lu\u010d, ki jih je spodbudila k iskanju velike Kristusove Lu\u010di. Zvesto so sledili lu\u010di, ki jih je pre\u017eemala notranje in tako so sre\u010dali Gospoda. To je torej pot, ki simbolizira pot nas vseh, je dejal pape\u017e. Na tej poti imamo na razpolago \u00bb<em>dve veliki knjigi<\/em>\u00ab: knjigo stvarstva in knjigo Sveto pismo. V obeh lahko najdemo znamenja, po katerih se na romanju orientiramo. Pri tem je pomembno biti pozorni, bdeti, poslu\u0161ati Boga, ki nam govori vedno. \u0160e posebej je potrebno poslu\u0161ati evangelij, brati ga, meditirati in iz njega narediti \u00bb<em>duhovno hrano<\/em>\u00ab, ki nam dopusti sre\u010dati \u017eivega Jezusa, izkusiti Njega in njegovo ljubezen.<\/p>\n<p><strong>Odsevati Bo\u017ejo lu\u010d v svetu<\/strong><br \/>\nPape\u017e Fran\u010di\u0161ek je zatem spomnil na Bo\u017eji poziv mestu Jeruzalem iz dana\u0161njega prvega berila iz Izaijeve knjige: \u00bb<em>Vstani, zasij!<\/em>\u00ab (Iz 60,1) Jeruzalem je poklican, da je mesto lu\u010di, da v svetu odseva Bo\u017ejo lu\u010d in pomaga ljudem hoditi po njegovih poteh: \u00bb<em>To je poklicanost in poslanstvo Bo\u017ejega ljudstva v svetu.<\/em>\u00ab Toda Jeruzalem se Bo\u017ejemu klicu lahko tudi izneveri, je nato opozoril pape\u017e. Evangelij nam pove, da so modri, ko so prispeli v Jeruzalem, za nekaj \u010dasa zvezdo izgubili izpred o\u010di. Lu\u010d je bila odsotna predvsem v pala\u010di kralja Heroda. Tisto prebivali\u0161\u010de, kot je dejal pape\u017e Fran\u010di\u0161ek, je \u00bb<em>tema\u010dno, v njem vladajo tema, nezaupljivost, strah, zavist<\/em>\u00ab. Herod postane nezaupljiv in zaskrbljen zaradi rojstva krhkega Otroka, ki ga sam vidi kot tekmeca. Zboji se za svojo oblast, da se bodo zasukala pravila igre, da bo razkrinkana zunanjost. Herod je cel svoj svet zgradil na oblasti, uspehu, imetju, korupciji, v te\u017eave pa ga je spravil Otrok. Bilo ga je strah in zaradi tega strahu je zblaznel do te mere, da je dal ubiti otroke.<\/p>\n<p><strong>\u00bbS<\/strong><strong>veta zvija\u010dnost<\/strong><strong>\u00ab<\/strong><br \/>\nModri so znali prese\u010di ta nevaren trenutek teme pri Herodu, ker so verjeli besedam prerokov, ki so pokazale na Betlehem kot na kraj rojstva Mesije. Tako so pobegnili pred \u00bb<em>otrplostjo no\u010di sveta<\/em>\u00ab, se spet podali na pot proti Betlehemu in ponovno ugledali zvezdo. Pri tem so se \u00bb<em>silno razveselili<\/em>\u00ab, kot lahko beremo v evangeliju (Mt 2,10). Te zvezde se v temi posvetnosti Herodove pala\u010de namre\u010d ni videlo. En vidik lu\u010di, ki nas vodi na poti vere, je zvija\u010dnost ali \u00bb<em>sveta zvija\u010dnost<\/em>\u00ab, ki je lahko tudi vrlina, kot je dejal pape\u017e Fran\u010di\u0161ek: \u00bb<em>Gre za tist<\/em><em>o duhovno prevejanost, ki nam omogo\u010di prepoznati nevarnosti in se jim izogniti<\/em>.\u00ab Modri so to \u00bb<em>lu\u010d zvija\u010dnosti<\/em>\u00ab znali uporabiti na poti nazaj, ko so se odlo\u010dili izogniti se mra\u010dni Herodovi pala\u010di.<\/p>\n<p><strong>Na\u0161a dol\u017enost je varovati vero<\/strong><br \/>\nTako nas u\u010dijo, kako ne pasti v zasede teme in kako se braniti pred temo, ki \u017eeli oviti na\u0161a \u017eivljenja. Modri so s to \u00bb<em>sveto zvija\u010dnostjo<\/em>\u00ab obvarovali vero. Tudi mi moramo varovati vero pred temo, je poudaril pape\u017e Fran\u010di\u0161ek. Pogosto tudi pred temo, ki je preoble\u010dena v lu\u010d. \u00bb<em>Tu pa je<\/em><em>\u00a0potrebna \u2018sveta zvija\u010dnost\u2019, da bi varovali vero, da bi jo obvarovali pred petjem Siren, ki ti pravijo: \u2018Glej, danes moramo narediti to, tisto \u2026\u2019 Toda vera je milost, je dar. Na\u0161a dol\u017enost je, da jo varujemo s to \u2018sveto zvija\u010dnostjo\u2019<\/em><em>, z molitvijo, z ljubeznijo, z dobroto<\/em>.\u00ab Treba je isto\u010dasno sprejeti v srce Bo\u017ejo lu\u010d in gojiti duhovno zvija\u010dnost, ki zna zdru\u017eevati preprostost in prekanjenost, tako je \u0161e dejal pape\u017e Fran\u010di\u0161ek.<\/p>\n<p><strong>Modri z Vzhoda so na\u0161i tovari\u0161i na poti<\/strong><br \/>\nNa dana\u0161nji praznik Gospodovega razgla\u0161enja modre z Vzhoda vidimo kot na\u0161e tovari\u0161e na poti. Njihov zgled nam pomaga dvigniti pogled proti zvezdi in slediti velikim \u017eeljam na\u0161ega srca. U\u010dijo nas, da se ne zadovoljimo s povpre\u010dnim \u017eivljenjem, ampak da se vedno pustimo o\u010darati tistemu, kar je dobro, resni\u010dno, lepo \u2013 da se pustimo o\u010darati Bogu. Modri z Vzhoda nas u\u010dijo tudi, da se ne pustimo prevarati zunanjosti, tistemu, kar je veliko, modro, mogo\u010dno za svet. Ne smemo se zaustaviti tam, je opomnil pape\u017e Fran\u010di\u0161ek in nato za konec ponovno poudaril, da je zelo pomembno varovati vero: \u00bb<em>Potrebno je iti preko, preko teme, preko o\u010darljivosti Siren, pre<\/em><em>ko posvetnosti, preko mnogih dana\u0161njih modernosti; iti proti Betlehemu, tja, kjer se v preprostosti nekega doma na\u00a0<\/em><em>periferiji, med mamo in o\u010detom, ki sta polna ljubezni in vere,\u00a0<\/em><em>sveti Sonce, ki je vz\u0161lo iz vi\u0161av, Kralj vesoljstva. Po zgle<\/em><em>du modrih z na\u0161imi majhnimi lu\u010dmi i\u0161\u010dimo Lu\u010d in varujmo vero<\/em>.\u00ab<\/p>\n","protected":false},"excerpt":{"rendered":"<p>\u00bbV\u00a0tej poti modrih z Vzhoda je simbolizirana usoda vsakega \u010dloveka:\u00a0na\u0161e \u017eivljenje pomeni hoditi, razsvetljeni od lu\u010di, ki osvetljujejo cesto,\u00a0da bi na\u0161li polnost resnice in ljubezni, ki jo mi, kristjani, prepoznavamo v Jezusu, Lu\u010di sveta.\u00ab Tako je zatrdil pape\u017e Fran\u010di\u0161ek, ko &hellip; <a href=\"https:\/\/natalijapodjavorsek.splet.arnes.si\/?page_id=2401\">Beri naprej <span class=\"meta-nav\">&rarr;<\/span><\/a><\/p>\n","protected":false},"author":2218,"featured_media":0,"parent":317,"menu_order":0,"comment_status":"closed","ping_status":"closed","template":"","meta":{"footnotes":""},"class_list":["post-2401","page","type-page","status-publish","hentry"],"_links":{"self":[{"href":"https:\/\/natalijapodjavorsek.splet.arnes.si\/index.php?rest_route=\/wp\/v2\/pages\/2401","targetHints":{"allow":["GET"]}}],"collection":[{"href":"https:\/\/natalijapodjavorsek.splet.arnes.si\/index.php?rest_route=\/wp\/v2\/pages"}],"about":[{"href":"https:\/\/natalijapodjavorsek.splet.arnes.si\/index.php?rest_route=\/wp\/v2\/types\/page"}],"author":[{"embeddable":true,"href":"https:\/\/natalijapodjavorsek.splet.arnes.si\/index.php?rest_route=\/wp\/v2\/users\/2218"}],"replies":[{"embeddable":true,"href":"https:\/\/natalijapodjavorsek.splet.arnes.si\/index.php?rest_route=%2Fwp%2Fv2%2Fcomments&post=2401"}],"version-history":[{"count":1,"href":"https:\/\/natalijapodjavorsek.splet.arnes.si\/index.php?rest_route=\/wp\/v2\/pages\/2401\/revisions"}],"predecessor-version":[{"id":2403,"href":"https:\/\/natalijapodjavorsek.splet.arnes.si\/index.php?rest_route=\/wp\/v2\/pages\/2401\/revisions\/2403"}],"up":[{"embeddable":true,"href":"https:\/\/natalijapodjavorsek.splet.arnes.si\/index.php?rest_route=\/wp\/v2\/pages\/317"}],"wp:attachment":[{"href":"https:\/\/natalijapodjavorsek.splet.arnes.si\/index.php?rest_route=%2Fwp%2Fv2%2Fmedia&parent=2401"}],"curies":[{"name":"wp","href":"https:\/\/api.w.org\/{rel}","templated":true}]}}