{"id":298,"date":"2015-03-11T14:54:48","date_gmt":"2015-03-11T14:54:48","guid":{"rendered":"http:\/\/natalijapodjavorsek.splet.arnes.si\/?page_id=298"},"modified":"2017-06-23T10:50:54","modified_gmt":"2017-06-23T08:50:54","slug":"program-prvih-treh-let-za-starse","status":"publish","type":"page","link":"https:\/\/natalijapodjavorsek.splet.arnes.si\/?page_id=298","title":{"rendered":"PROGRAM PRVIH TREH LET ZA STAR\u0160E"},"content":{"rendered":"<table>\n<tbody>\n<tr>\n<td width=\"29\"><\/td>\n<td colspan=\"4\" width=\"1007\"><strong><em>\u00a0<\/em><\/strong><\/p>\n<h2><em>KATEHEZA ZA STAR\u0160E V DOM\u017dALAH &#8211; prva tri leta\u00a0<\/em><strong><em><br \/>\n<\/em><\/strong><\/h2>\n<p style=\"text-align: center\">\n<\/td>\n<\/tr>\n<tr>\n<td width=\"29\"><\/td>\n<td width=\"198\"><\/td>\n<td width=\"270\">\n<h3><strong><em>leto12\/13<\/em><\/strong><\/h3>\n<\/td>\n<td width=\"270\">\n<h3><strong><em>leto13\/14<\/em><\/strong><\/h3>\n<\/td>\n<td width=\"270\">\n<h3><strong><em>leto14\/15<\/em><\/strong><\/h3>\n<\/td>\n<\/tr>\n<tr>\n<td width=\"29\">1<\/td>\n<td rowspan=\"3\" width=\"198\">\n<h3><strong>SLEDENJE CERKVENEMU\u00a0 LETU<\/strong><\/h3>\n<h3>(3 ure letno)<\/h3>\n<h3><\/h3>\n<\/td>\n<td width=\"270\">ADVENTNI \u010cAS V NA\u0160I DRU\u017dIN<\/td>\n<td width=\"270\">Oblikovanje skupne naloge oz. skupnih nalog za adventni \u010das<\/td>\n<td width=\"270\">Teolo\u0161ka razlaga adventnega \u010dasa<\/td>\n<\/tr>\n<tr>\n<td width=\"29\">2<\/td>\n<td width=\"270\">BO\u017dI\u010cVerujem v sina njegovega edinega, Gospoda na\u0161ega, ki je bil spo\u010det od svetega Duha<\/td>\n<td width=\"270\">Postni \u010das v na\u0161ih dru\u017einah \u2013 iskanje skupne naloge za Postni \u010das<\/td>\n<td width=\"270\">Priprava na postni \u010das<\/td>\n<\/tr>\n<tr>\n<td width=\"29\">3<\/td>\n<td width=\"270\">Postni \u010das v na\u0161i dru\u017eini \u2013 pri\u010devanja dru\u017ein<\/td>\n<td width=\"270\">Marija v na\u0161i dru\u017eini<\/td>\n<td width=\"270\">Pomen praznika vseh svetih<\/td>\n<\/tr>\n<tr>\n<td width=\"29\">4<\/td>\n<td rowspan=\"3\" width=\"198\">\n<h3><strong>RAZNO in AKTUALNO<\/strong><\/h3>\n<h3>(3 ure)<\/h3>\n<h3><strong>\u00a0<\/strong><\/h3>\n<\/td>\n<td width=\"270\">POSTNI \u010cASVerujem, da je pod Poncijem pilatom trpel in kri\u017ean bil in bil v grob polo\u017een<\/td>\n<td width=\"270\">Na\u0161a \u017eupnija in mi<\/td>\n<td width=\"270\">Kaj pa mi, a vedno govorimo resnico?<\/td>\n<\/tr>\n<tr>\n<td width=\"29\">5<\/td>\n<td width=\"270\">VELIKA NO\u010cVerujem, da je tretji dan od mrtvih vstal-<\/td>\n<td width=\"270\">Zakaj se Cerkev ukvarja z moralo?<\/td>\n<td width=\"270\">Zakrament bolni\u0161kega maziljenja<\/td>\n<\/tr>\n<tr>\n<td width=\"29\">6<\/td>\n<td width=\"270\">SEDEM GLAVNIH GREHOV &#8211; napuh<\/td>\n<td width=\"270\"><\/td>\n<td width=\"270\"><\/td>\n<\/tr>\n<tr>\n<td width=\"29\">7<\/td>\n<td rowspan=\"5\" width=\"198\">\n<h3><strong>BRANJE IZBRANE KNJIGE Z DUHOVNO VSEBINO <\/strong>(doma) <strong>IN POGOVOR OB NJEJ <\/strong>(5 ur v letu)<\/h3>\n<\/td>\n<td width=\"270\">SEDEM GLAVNIH GREHOV &#8211; pohlep<\/td>\n<td width=\"270\">I\u0160\u010cI MIR IN MU SLEDI \u2013 zaupanje (31-40)<\/td>\n<td width=\"270\">POT NEPOPOLNOSTI \u2013 Pot mo\u010di<\/td>\n<\/tr>\n<tr>\n<td width=\"29\">8<\/td>\n<td width=\"270\">SEDEM GLAVNIH GREHOV &#8211; pohota<\/td>\n<td width=\"270\">I\u0160\u010cI MIR IN MU SLEDI \u2013 prepustiti in izro\u010diti (41-47)<\/td>\n<td width=\"270\">POT NEPOPOLNOSTI \u2013 Pot \u0161ibkosti<\/td>\n<\/tr>\n<tr>\n<td width=\"29\">9<\/td>\n<td width=\"270\">SEDEM GLAVNIH GREHOV &#8211; jeza<\/td>\n<td width=\"270\">I\u0160\u010cI MIR IN MU SLEDI \u2013 ob trpljenju bli\u017enjih (52-56)<\/td>\n<td width=\"270\">POT NEPOPOLNOSTI \u2013 Pot duha<\/td>\n<\/tr>\n<tr>\n<td width=\"29\">10<\/td>\n<td width=\"270\">SEDEM GLAVNIH GREHOV &#8211; po\u017ere\u0161nost<\/td>\n<td width=\"270\">I\u0160\u010cI MIR IN MU SLEDI \u2013 ni sramotno pasti(63-75)<\/td>\n<td width=\"270\">POT NEPOPOLNOSTI \u2013 Moliti na dnu lestve<\/td>\n<\/tr>\n<tr>\n<td width=\"29\">11<\/td>\n<td width=\"270\">SEDEM GLAVNIH GREHOV &#8211; zavist<\/td>\n<td width=\"270\">I\u0160\u010cI MIR IN MU SLEDI \u2013 pred odlo\u010ditvijo (76-83)<\/td>\n<td width=\"270\">POT NEPOPOLNOSTI \u2013 Mala pot nepopolnih<\/td>\n<\/tr>\n<tr>\n<td width=\"29\">12<\/td>\n<td rowspan=\"3\" width=\"198\">\n<h3><strong>KATEKIZEM KATOLI\u0160KE CERKVE in OKRO\u017dNICE<\/strong><\/h3>\n<h3>(3 ure letno)<\/h3>\n<\/td>\n<td width=\"270\">SEDEM GLAVNIH GREHOV &#8211; lenoba<\/td>\n<td width=\"270\">OKRO\u017dNICA PAPE\u017dA FRAN\u010cI\u0160KA \u2013 Lu\u010d vereLjubezen smo prejeli z vero<\/td>\n<td width=\"270\">VESELJE EVANGELIJA \u2013 Veselje, ki se prenavlja in se podarja<\/td>\n<\/tr>\n<tr>\n<td width=\"29\">13<\/td>\n<td width=\"270\">ZAPOVEDI &#8211; splo\u0161no<\/td>\n<td width=\"270\">OKRO\u017dNICA PAPE\u017dA FRAN\u010cI\u0160KA \u2013 Lu\u010d vere\u010ce ne verujete, ne razumete<\/td>\n<td width=\"270\">VESELJE EVANGELIJA \u2013 Nekateri izzivi dana\u0161njega \u010dasa<\/td>\n<\/tr>\n<tr>\n<td width=\"29\">14<\/td>\n<td width=\"270\">ZAKRAMENTI &#8211; splo\u0161no<\/td>\n<td width=\"270\">OKRO\u017dNICA PAPE\u017dA FRAN\u010cI\u0160KA \u2013 Lu\u010d vereIzro\u010dam vam, kar sem prejel<\/td>\n<td width=\"270\">VESELJE EVANGELIJA \u2013 Marija, mati evangelizacije<\/td>\n<\/tr>\n<tr>\n<td width=\"29\">15<\/td>\n<td rowspan=\"3\" width=\"198\">\n<h3><strong>MOLITEV<\/strong><\/h3>\n<h3>(3 ure letno)<\/h3>\n<\/td>\n<td width=\"270\">ZAKAJ IN KAKO MOLIMO<\/td>\n<td width=\"270\">Dru\u017einska molitev<\/td>\n<td width=\"270\">Kako \u017eivim zakon iz milosti krsta?<\/td>\n<\/tr>\n<tr>\n<td width=\"29\">16<\/td>\n<td width=\"270\">molitev KRI\u017dEVEGA POTA<\/td>\n<td width=\"270\">Zahvalna molitev<\/td>\n<td width=\"270\">V \u010dem je lepota zakramenta sv. zakona(Pri\u010devanje star\u0161ev in odgovori na vpra\u0161anja otrok iz 4. \u2013 7. razreda)<\/td>\n<\/tr>\n<tr>\n<td width=\"29\">17<\/td>\n<td width=\"270\">molitve pri MA\u0160I<\/td>\n<td width=\"270\">Adoracija<\/td>\n<td width=\"270\">Nedelja bo\u017ejega usmiljenja<\/td>\n<\/tr>\n<tr>\n<td width=\"29\">18<\/td>\n<td rowspan=\"7\" width=\"198\">\n<h3><strong>SVETO PISMO <\/strong>(7 ur v letu)<\/h3>\n<\/td>\n<td width=\"270\"><strong>Sveto pismo \u2013 uvod<\/strong>Sporo\u010dilo Svetega pisma, kratek oris vsebine, kako pristopati k Svetemu pismu\u00a0\u00a0\u00a0\u00a0 Mr 1,16-20; Iz 55,10-11<\/td>\n<td width=\"270\">\u017dIVLJENJE PRVIH KRISTJANOVApd 1-8<\/td>\n<td width=\"270\">PRVI GREH1 Mz 2, 4b-24<\/td>\n<\/tr>\n<tr>\n<td width=\"29\">19<\/td>\n<td width=\"270\">Markov evangelij: sporo\u010dilo, glavni poudarki, kdo je Jezus, kdo je Jezusov u\u010denecMr 9,2-13<\/td>\n<td width=\"270\">PAVLOVO SRE\u010cANJE Z JEZUSOM KRISTUSOMApd 9, 1-19; 22, 6-16; 26, 12-18<\/td>\n<td width=\"270\">KAJN in ABEL1 Mz 4<\/td>\n<\/tr>\n<tr>\n<td width=\"29\">20<\/td>\n<td width=\"270\">Matejev evangelij: sporo\u010dilo, glavni poudarki, Bog z nami\u00a0\u00a0\u00a0\u00a0\u00a0\u00a0\u00a0\u00a0 Mt 1,18-24<\/td>\n<td width=\"270\">EVANGELIZACIJAPrvo pismo Tasaloni\u010danom<\/td>\n<td width=\"270\">VESOLJNI POTOP1 Mz 6, 5-9, 17<\/td>\n<\/tr>\n<tr>\n<td width=\"29\">21<\/td>\n<td width=\"270\">Prerok Izaija, vloga preroka, njegovo poslanstvo Iz 11,1-9<\/td>\n<td width=\"270\">KRISTUS NAS JE OSVOBODIL ZA SVOBODOPismo Gala\u010danom<\/td>\n<td width=\"270\">ABRAHAM1 Mz 3, 1-15<\/td>\n<\/tr>\n<tr>\n<td width=\"29\">22<\/td>\n<td width=\"270\">Lukov evangelij, sporo\u010dilo, glavni poudarki, sporo\u010dilo Jezusovega rojstva\u00a0\u00a0 Lk 2,1-21<strong><em>\u00a0<\/em><\/strong><\/td>\n<td width=\"270\">BO\u017dJA BOJNA OPREMAEf 6, 10-20<strong><em>\u00a0<\/em><\/strong><\/td>\n<td width=\"270\">MOJZES1 Mz 3, 1-15<strong><em>\u00a0<\/em><\/strong><\/td>\n<\/tr>\n<tr>\n<td width=\"29\">23<\/td>\n<td width=\"270\">Jezusovo trpljenje, pomen pasijonaMr 14,3-9<\/td>\n<td width=\"270\">BESEDA O KRI\u017dU \u2013 Bo\u017eja mo\u010d1 Kor, 1-2<\/td>\n<td width=\"270\">VEROIZPOVED2 Mz 20, 1-17; 4 Mz 14, 18; 5 Mz, 9-10<\/td>\n<\/tr>\n<tr>\n<td width=\"29\">24<\/td>\n<td width=\"270\">Janezov evangelij, sporo\u010dilo in glavni poudarkiJn 4,1-15<\/td>\n<td width=\"270\">UPANJE PA NAJ JE OSRAMOTIPismo Rimljanom<\/td>\n<td width=\"270\">JOZUEJoz 1, 1-9<\/td>\n<\/tr>\n<tr>\n<td width=\"29\">25<\/td>\n<td width=\"198\">\n<h3 style=\"text-align: left\">REFLEKSIJA<\/h3>\n<\/td>\n<td colspan=\"3\" width=\"809\">\n<p><strong>\u00a0<\/strong><strong>\u00a0<\/strong><\/p>\n<p>&nbsp;<\/td>\n<\/tr>\n<\/tbody>\n<\/table>\n<p><\/p>\n","protected":false},"excerpt":{"rendered":"<p>\u00a0 KATEHEZA ZA STAR\u0160E V DOM\u017dALAH &#8211; prva tri leta\u00a0 leto12\/13 leto13\/14 leto14\/15 1 SLEDENJE CERKVENEMU\u00a0 LETU (3 ure letno) ADVENTNI \u010cAS V NA\u0160I DRU\u017dIN Oblikovanje skupne naloge oz. skupnih nalog za adventni \u010das Teolo\u0161ka razlaga adventnega \u010dasa 2 BO\u017dI\u010cVerujem &hellip; <a href=\"https:\/\/natalijapodjavorsek.splet.arnes.si\/?page_id=298\">Beri naprej <span class=\"meta-nav\">&rarr;<\/span><\/a><\/p>\n","protected":false},"author":2218,"featured_media":314,"parent":154,"menu_order":0,"comment_status":"closed","ping_status":"closed","template":"","meta":{"footnotes":""},"class_list":["post-298","page","type-page","status-publish","has-post-thumbnail","hentry"],"_links":{"self":[{"href":"https:\/\/natalijapodjavorsek.splet.arnes.si\/index.php?rest_route=\/wp\/v2\/pages\/298","targetHints":{"allow":["GET"]}}],"collection":[{"href":"https:\/\/natalijapodjavorsek.splet.arnes.si\/index.php?rest_route=\/wp\/v2\/pages"}],"about":[{"href":"https:\/\/natalijapodjavorsek.splet.arnes.si\/index.php?rest_route=\/wp\/v2\/types\/page"}],"author":[{"embeddable":true,"href":"https:\/\/natalijapodjavorsek.splet.arnes.si\/index.php?rest_route=\/wp\/v2\/users\/2218"}],"replies":[{"embeddable":true,"href":"https:\/\/natalijapodjavorsek.splet.arnes.si\/index.php?rest_route=%2Fwp%2Fv2%2Fcomments&post=298"}],"version-history":[{"count":6,"href":"https:\/\/natalijapodjavorsek.splet.arnes.si\/index.php?rest_route=\/wp\/v2\/pages\/298\/revisions"}],"predecessor-version":[{"id":2073,"href":"https:\/\/natalijapodjavorsek.splet.arnes.si\/index.php?rest_route=\/wp\/v2\/pages\/298\/revisions\/2073"}],"up":[{"embeddable":true,"href":"https:\/\/natalijapodjavorsek.splet.arnes.si\/index.php?rest_route=\/wp\/v2\/pages\/154"}],"wp:featuredmedia":[{"embeddable":true,"href":"https:\/\/natalijapodjavorsek.splet.arnes.si\/index.php?rest_route=\/wp\/v2\/media\/314"}],"wp:attachment":[{"href":"https:\/\/natalijapodjavorsek.splet.arnes.si\/index.php?rest_route=%2Fwp%2Fv2%2Fmedia&parent=298"}],"curies":[{"name":"wp","href":"https:\/\/api.w.org\/{rel}","templated":true}]}}