{"id":374,"date":"2015-04-03T20:22:12","date_gmt":"2015-04-03T20:22:12","guid":{"rendered":"http:\/\/natalijapodjavorsek.splet.arnes.si\/?page_id=374"},"modified":"2017-03-10T07:03:17","modified_gmt":"2017-03-10T06:03:17","slug":"molitev-pri-bozjem-grobu-za-druzine","status":"publish","type":"page","link":"https:\/\/natalijapodjavorsek.splet.arnes.si\/?page_id=374","title":{"rendered":"MOLITEV PRI BO\u017dJEM GROBU 1"},"content":{"rendered":"<p style=\"text-align: center\"><em><strong>MOLITEV PRI BO\u017dJEM GROBU<\/strong><\/em><\/p>\n<p style=\"text-align: center\"><em>Nad vsako silo in oblastjo nad vso naravo in sleherno stvarjo.<\/em><\/p>\n<p style=\"text-align: center\"><em>Nad vso modrostjo in vsem kar \u010dlovek zna\u00a0\u00a0 bil si in si \u0161e vladar vsega.<\/em><\/p>\n<p style=\"text-align: center\"><em>Nad vsako slavo in \u010dastjo Nad vsakim \u010dudom, ki vidi ga oko<\/em><\/p>\n<p style=\"text-align: center\"><em>nad vsem bogastvom zakladi tega sveta bil si in si \u0161e vladar sveta..<\/em><\/p>\n<p style=\"text-align: center\"><em>Kri\u017eani v smrt si \u0161el zame v hladen grob, zavr\u017een zapu\u0161\u010den.<\/em><\/p>\n<p style=\"text-align: center\"><em>Kakor svet z zemljo poteptan in \u0161e sedaj ti ljubi\u0161 me nad vse.<\/em><\/p>\n<p><em>\u00a0<\/em><\/p>\n<p>V tradiciji pobo\u017enosti v Cerkvi se je razvila molitev ob Jezusovem grobu. Po velikem neredu, vri\u0161\u010du in prepiranju, po obsodbi, sprenevedanju in poni\u017eevanju, po kri\u017eanju in trpljenju&#8230; vse utihne. &#8220;Dopolnjeno je&#8221;, pravi Jezus in izdihne. Ljudje se iz Golgote razidejo po svojih opravkih, gredo na velikono\u010dno praznovanje. Jezusovo telo u\u010denci polo\u017eijo v grob.<\/p>\n<p>Ti\u0161ina velike sobote je zgovorna. Kot je vedno. Ti\u0161ina vedno govori, \u010de jo kdo le \u017eeli poslu\u0161ati. Ti\u0161ina velike sobote je \u0161e ve\u010dja, kot so druge. Bog je mrtev. Tiho. Ne govori, ne dela \u010dude\u017eev, ne u\u010di, ne dotika se nikogar. Tiho je. Negibno tiho. Velika ti\u0161ina.<\/p>\n<p style=\"text-align: center\"><em>Lu\u010d si za svet, ki se v temi utaplja,<\/em><\/p>\n<p style=\"text-align: center\"><em>lu\u010d, ki odpira o\u010di.<\/em><\/p>\n<p style=\"text-align: center\"><em>Lu\u010d in lepota, srce te proslavlja,<\/em><\/p>\n<p style=\"text-align: center\"><em>s tabo se ne izgubim.<\/em><\/p>\n<p style=\"text-align: center\"><strong><em>\u00a0<\/em><\/strong><\/p>\n<p style=\"text-align: center\"><strong><em>TU SEM, DA TE HVALIM, <\/em><\/strong><\/p>\n<p style=\"text-align: center\"><strong><em>DA SE TI POKLONIM,<\/em><\/strong><\/p>\n<p style=\"text-align: center\"><strong><em>DA TI RE\u010cEM BOG IN MOJ GOSPOD!<\/em><\/strong><\/p>\n<p style=\"text-align: center\"><strong><em>ZAME SI EDINI, NEIZMERNO VREDEN,<\/em><\/strong><\/p>\n<p style=\"text-align: center\"><strong><em>JEZUS, MOJ PRIJATELJ \u010cUDOVIT!<\/em><\/strong><\/p>\n<p style=\"text-align: center\"><em>\u00a0<\/em><\/p>\n<p style=\"text-align: center\"><em>Kralj za vse \u010dase.<\/em><\/p>\n<p style=\"text-align: center\"><em>\u010ce\u0161\u010den in povzdignjen,<\/em><\/p>\n<p style=\"text-align: center\"><em>V slavi nebe\u0161ki \u017eivi\u0161.<\/em><\/p>\n<p style=\"text-align: center\"><em>Bog, ki poni\u017eno prihaja\u0161 na zemljo<\/em><\/p>\n<p style=\"text-align: center\"><em>In nas ljubezni u\u010di\u0161. <\/em><\/p>\n<p>&nbsp;<\/p>\n<p>Jezus, pod kri\u017eem je stala tvoja mati Marija in trpela skupaj s teboj. V njenem srcu je bila velika \u017ealost, ker si umiral ti, njem dragi Sin. Vendar je Marija zaupala in verovala, da daruje\u0161 svoje \u017eivljenje za odre\u0161enje vsega sveta.<\/p>\n<p><em>Ob Marijini bole\u010dini in veliki veri bomo zmolili eno desetko ro\u017enega venca in pri vsaki Zdravamariji premi\u0161ljevali Jezusovo trpljenje.<\/em><\/p>\n<p><strong>O\u010dena\u0161 &#8230;<\/strong><\/p>\n<p><strong>1. Zdrava Marija \u2026<\/strong><\/p>\n<p>Jezus, bal si se trpljenja, vendar se mu nisi izognil. Sprejel si ga. Hvala ti!<\/p>\n<p><strong>2. Zdrava Marija \u2026<\/strong><\/p>\n<p>Velikokrat se v \u017eivljenju spra\u0161ujemo: zakaj trpljenje, bole\u010dina, smrt. Tudi Jezus je trpel, tudi Jezus je \u010dutil bole\u010dino, tudi Jezus je umrl. Njegove kaplje krvi so tekle za nas vse, ki smo gre\u0161niki.<\/p>\n<p><strong>3. Zdrava Marija \u2026<\/strong><\/p>\n<p>Jezus, do\u017eivel si surovost vojakov. Za nas si sprejel udarce bi\u010da. Pomagaj nam, da bomo tudi mi znali kaj potrpeti.<\/p>\n<p><strong>4. Zdrava Marija \u2026<\/strong><\/p>\n<p>Jezus, prijatelj vseh ljudi, je bil zvezan na sramotilni steber in bi\u010dan kakor zlo\u010dinec. Vedno, ko naredimo komu krivico, udarimo z bi\u010dem po telesu Odre\u0161enika. Naredimo raje vsak dan nekaj, dobrega za Boga, za \u010dloveka.<\/p>\n<p><strong>5. Zdrava Marija \u2026<\/strong><\/p>\n<p>Jezus, namesto kraljevske krone, so ti vojaki na glavo pritisnili trnje. Oni so se naro\u010devali iz tebe, mi pa vemo, da si ti na\u0161 pravi kralj.<\/p>\n<p><strong>6. Zdrava Marija \u2026<\/strong><\/p>\n<p>Jezus, kot da ni bilo \u0161e dovolj bole\u010din, so ti na rame polo\u017eili te\u017eki kri\u017e. Pomagaj vsem bolnim nositi njihove kri\u017ee.<\/p>\n<p><strong>7. Zdrava Marija \u2026<\/strong><\/p>\n<p>Tudi, ko je Jezus trpel, ni nikogar obsojal. Naj tudi mi ne obsojamo drugih.<\/p>\n<p><strong>8. Zdrava Marija \u2026<\/strong><\/p>\n<p>KO je Jezus nesel kri\u017e, je kar trikrat padel, kajti te\u017ea kri\u017ea je bila velika. Potreboval je pomo\u010d. Odprimo o\u010di, bratje in sestre, da ne spregledamo tistega, ki potrebuje na\u0161o pomo\u010d.<\/p>\n<p><strong>9. Zdrava Marija \u2026<\/strong><\/p>\n<p>Jezus, za nas si umrl na kri\u017eu. Kri\u017eali so te kot zlo\u010dinca. Pomagaj nam, da te nikoli ne bomo pozabili ali zapustili.<\/p>\n<p><strong>10. Zdrava Marija\u2026<\/strong><\/p>\n<p>Na kri\u017eu Jezus prosi odpu\u0161\u010danja za tiste, ki so ga kri\u017eali. Umre za na\u0161e odre\u0161enje. A ne bomo ostali sami. Sebe nam je zapustil v sveti Evharistiji in nam izro\u010dil Mater za vse tiste trenutke, ko nam bo hudo in ne bomo vedeli za pravo pot.<\/p>\n<p style=\"text-align: center\"><strong><em>Ti si \u0161el na kri\u017e, strt od na\u0161ih psovk, jagnje sredi volkov.<\/em><\/strong><\/p>\n<p style=\"text-align: center\"><strong><em>Ti si vstal v nebo, kralj, sodnik sveta, sladki \u017eenin srca.<\/em><\/strong><\/p>\n<p style=\"text-align: center\">Ti, srce krotko, Ti, poni\u017ena pesem,<\/p>\n<p style=\"text-align: center\">Ti p\u0161eni\u010dno zrno, ki umre, da polje spet vzcveti.<\/p>\n<p style=\"text-align: center\">Ti, pot svobode, Ti, spanec pravi\u010dnih,<\/p>\n<p style=\"text-align: center\">Ti, vodnjak izgubljenih, brat ubogih, vrata gre\u0161nikov.<\/p>\n<p style=\"text-align: center\">Ti, kri \u017eivljenja, Ti, kruh vstajenja,<\/p>\n<p style=\"text-align: center\">Ti, polnost resnice, izvir lu\u010di, ki v ve\u010dnost \u017eubori.<\/p>\n<p style=\"text-align: center\">Ti, strah mogo\u010dnih, Ti, veselje majhnih,<\/p>\n<p style=\"text-align: center\">Ti, sen svetnikov, zanos mu\u010dencev, mo\u010d novih rodov.<\/p>\n<p>\u00a0Jezus le\u017ei v grobu. Njegovo izmu\u010deno, ranjeno, mrtvo telo le\u017ei, je pripravljeno in \u010daka vstajenja. Zadnja lekcija kri\u017eevega pota je potrpe\u017eljivost. S svojim kri\u017eem moramo po-trpeti. \u017deli nas nau\u010diti, da je kot vsaka \u0161ola, tudi \u0161ola Bo\u017eje ljubezni lahko naporna in te\u017eka, toda s potrpe\u017eljivostjo se nam obeta \u010dudovita diploma. Diploma, ki nam jo bo podelil Jezus sam.<\/p>\n<p style=\"text-align: center\"><em>\u00a0<\/em>Kri\u017e je vsak moj trenutek, lahko ga sprejmem ali ne.<\/p>\n<p style=\"text-align: center\">Ti si ga sprejel\u2026 zdaj vem, kje najdem te\u2026<\/p>\n<p style=\"text-align: center\"><em>Vstopam v tvoje veli\u010dastvo,\u00a0 vstopam v tvoje srce, Gospod.<\/em><\/p>\n<p style=\"text-align: center\"><em>Sprejemam voljo tvojo, moj kri\u017e postaja lahek\u2026 \u010dutim, da si z menoj.<\/em><\/p>\n<p style=\"text-align: center\">Mo\u010d ni v tem, da be\u017eim, se spra\u0161ujem, zakaj sploh \u017eivim.<\/p>\n<p style=\"text-align: center\">Odpreti moram vrata bole\u010din, ker tam me \u010daka\u0161 ti. <em>Odp.<\/em><\/p>\n<p style=\"text-align: center\">\u017delim sprejeti svoj kri\u017e, za vsako ceno, Gospod.<\/p>\n<p style=\"text-align: center\">Saj vem, da prej, ko ti re\u010dem da, prej se bova sre\u010dala. <em>Odp.<\/em><\/p>\n<p><em>\u00a0<\/em><strong>Jezus, hvala ti, ker si me pou\u010dil, da vsako trpljenje prina\u0161a odre\u0161enje. Ti si me nau\u010dil, kako naj nosim svoj kri\u017e: v zaupanju in ljubezni do Boga. Ti si me tudi nau\u010dil, kakor ga morem premagati: da ga v ljubezni darujem za druge. Zapi\u0161i mi to resnico globoko v srce, da je nikdar ne pozabim! Naj me \u017eivo prevzame posebno takrat, ko bo najte\u017eje. Naj nikoli ne pozabim, da nisem sam, ampak da si ti ob meni.. <\/strong><\/p>\n<p><strong>\u00a0<\/strong><\/p>\n<p style=\"text-align: center\"><em>Spra\u0161ujem se, kje si zdaj, moj Bog,<\/em><\/p>\n<p style=\"text-align: center\"><em>kje si moje veselje, mo\u010d.<\/em><\/p>\n<p style=\"text-align: center\"><em>Verujem, da si tu,<\/em><\/p>\n<p style=\"text-align: center\"><em>verujem vate, moj Gospod! (Moj Gospod!)<\/em><\/p>\n<p style=\"text-align: center\"><em>\u00a0<\/em><\/p>\n<p style=\"text-align: center\"><strong><em>Dotakni se me s svojimi dlanmi,<\/em><\/strong><\/p>\n<p style=\"text-align: center\"><strong><em>Naj vidim le za hip tvoje o\u010di,<\/em><\/strong><\/p>\n<p style=\"text-align: center\"><strong><em>Na krilih dvigni me k sebi v nebo,<\/em><\/strong><\/p>\n<p style=\"text-align: center\"><strong><em>Tvoj sijaj naj zaslepi moje oko.<\/em><\/strong><\/p>\n<p style=\"text-align: center\"><em>\u00a0<\/em><\/p>\n<p style=\"text-align: center\"><em>\u010cutim samoto, ki presega me,<br \/>\n\u010dutim no\u010d, srce pogreza se.<br \/>\nVerujem, da si tu,<br \/>\nverujem vate, moj Gospod! <\/em><\/p>\n<p style=\"text-align: center\"><em>\u00a0<\/em><\/p>\n<p style=\"text-align: center\"><em>Edini ve\u0161, kaj je \u017eivljenje,<br \/>\nkaj je skrito hrepenenje.<br \/>\nVerujem, da si tu,<br \/>\nverujem vate, moj Gospod! <\/em><\/p>\n<p>Jezus, ti sam si nam rekel, da odhaja\u0161, da mi prostor pripravi\u0161. Ne vemo, kdaj bo pri\u0161la ura in kdaj bo pri\u0161el dan, ko bomo tako kot sedaj ti legli v grob tudi mi. Ne vemo, kdaj bo pri\u0161el \u010das, ko bomo tudi mi umrli vsemu tistemu, kar \u017eivimo tukaj na zemlji. Vemo pa, da si ti od\u0161el, zato, da nam prostor pripravi\u0161. Vemo, da nas \u010daka prostor v nebesih.<\/p>\n<p style=\"text-align: center\"><strong><em>V nebesih dom pripravljen je za nas<\/em><\/strong><\/p>\n<p style=\"text-align: center\"><strong><em>s svetimi, v ljubezni Jagnjeta.<\/em><\/strong><\/p>\n<p style=\"text-align: center\"><strong><em>V svetlobi Bo\u017eji bo \u017earel obraz,<\/em><\/strong><\/p>\n<p style=\"text-align: center\"><strong><em>nebe\u0161ki Jeruzalem.<\/em><\/strong><\/p>\n<p style=\"text-align: center\"><em>\u00a0<\/em><\/p>\n<p style=\"text-align: center\"><em>Svetilnik Jagnje tukaj nam bo<\/em><\/p>\n<p style=\"text-align: center\"><em>in sonce skrilo bo svoj \u017ear pred njim.<\/em><\/p>\n<p style=\"text-align: center\"><em>Za vedno no\u010d premagana bo,<\/em><\/p>\n<p style=\"text-align: center\"><em>Bo\u017eji sijaj nas bo razsvetljeval. Odp.<\/em><\/p>\n<p style=\"text-align: center\"><em>\u00a0<\/em><\/p>\n<p style=\"text-align: center\"><em>Prebival tu bo Bog med ljudmi,<\/em><\/p>\n<p style=\"text-align: center\"><em>obrisal solze z njihovih o\u010di.<\/em><\/p>\n<p style=\"text-align: center\"><em>Ne ob ve\u010d \u017ealosti, bole\u010din,<\/em><\/p>\n<p style=\"text-align: center\"><em>saj stari svet za vselej bo minil. Odp.<\/em><\/p>\n<p style=\"text-align: center\"><em>\u00a0<\/em><\/p>\n<p style=\"text-align: center\"><em>\u010cas odre\u0161enja med nami je,<\/em><\/p>\n<p style=\"text-align: center\"><em>premo\u010d in zmaga na\u0161ega Boga.<\/em><\/p>\n<p style=\"text-align: center\"><em>Zato v nebesih dvignite se,<\/em><\/p>\n<p style=\"text-align: center\"><em>na veke Jezus je zakraljeval.<\/em><\/p>\n","protected":false},"excerpt":{"rendered":"<p>MOLITEV PRI BO\u017dJEM GROBU Nad vsako silo in oblastjo nad vso naravo in sleherno stvarjo. Nad vso modrostjo in vsem kar \u010dlovek zna\u00a0\u00a0 bil si in si \u0161e vladar vsega. Nad vsako slavo in \u010dastjo Nad vsakim \u010dudom, ki vidi &hellip; <a href=\"https:\/\/natalijapodjavorsek.splet.arnes.si\/?page_id=374\">Beri naprej <span class=\"meta-nav\">&rarr;<\/span><\/a><\/p>\n","protected":false},"author":2218,"featured_media":140,"parent":609,"menu_order":0,"comment_status":"closed","ping_status":"closed","template":"","meta":{"footnotes":""},"class_list":["post-374","page","type-page","status-publish","has-post-thumbnail","hentry"],"_links":{"self":[{"href":"https:\/\/natalijapodjavorsek.splet.arnes.si\/index.php?rest_route=\/wp\/v2\/pages\/374","targetHints":{"allow":["GET"]}}],"collection":[{"href":"https:\/\/natalijapodjavorsek.splet.arnes.si\/index.php?rest_route=\/wp\/v2\/pages"}],"about":[{"href":"https:\/\/natalijapodjavorsek.splet.arnes.si\/index.php?rest_route=\/wp\/v2\/types\/page"}],"author":[{"embeddable":true,"href":"https:\/\/natalijapodjavorsek.splet.arnes.si\/index.php?rest_route=\/wp\/v2\/users\/2218"}],"replies":[{"embeddable":true,"href":"https:\/\/natalijapodjavorsek.splet.arnes.si\/index.php?rest_route=%2Fwp%2Fv2%2Fcomments&post=374"}],"version-history":[{"count":2,"href":"https:\/\/natalijapodjavorsek.splet.arnes.si\/index.php?rest_route=\/wp\/v2\/pages\/374\/revisions"}],"predecessor-version":[{"id":527,"href":"https:\/\/natalijapodjavorsek.splet.arnes.si\/index.php?rest_route=\/wp\/v2\/pages\/374\/revisions\/527"}],"up":[{"embeddable":true,"href":"https:\/\/natalijapodjavorsek.splet.arnes.si\/index.php?rest_route=\/wp\/v2\/pages\/609"}],"wp:featuredmedia":[{"embeddable":true,"href":"https:\/\/natalijapodjavorsek.splet.arnes.si\/index.php?rest_route=\/wp\/v2\/media\/140"}],"wp:attachment":[{"href":"https:\/\/natalijapodjavorsek.splet.arnes.si\/index.php?rest_route=%2Fwp%2Fv2%2Fmedia&parent=374"}],"curies":[{"name":"wp","href":"https:\/\/api.w.org\/{rel}","templated":true}]}}