{"id":404,"date":"2015-05-06T16:20:58","date_gmt":"2015-05-06T16:20:58","guid":{"rendered":"http:\/\/natalijapodjavorsek.splet.arnes.si\/?page_id=404"},"modified":"2017-03-24T10:27:06","modified_gmt":"2017-03-24T09:27:06","slug":"danijel-halas","status":"publish","type":"page","link":"https:\/\/natalijapodjavorsek.splet.arnes.si\/?page_id=404","title":{"rendered":"DANIJEL HALAS"},"content":{"rendered":"<p><a href=\"http:\/\/natalijapodjavorsek.splet.arnes.si\/files\/2015\/05\/Danijel-Halas.pptx\">Danijel Halas<\/a><\/p>\n<p>Rojen je bil v \u010cren\u0161ovcih o\u010detu Martinu in materi Katarini. O\u010detova dru\u017eina je\u00a0<a href=\"http:\/\/sl.wikipedia.org\/wiki\/Mad%C5%BEari\">mad\u017earskega<\/a>\u00a0rodu. Osnovno \u0161olo je obiskoval v doma\u010dem kraju, gimnazijo pa v Murski Soboti in dve leti v Ljubljani.<\/p>\n<p><a href=\"http:\/\/sl.wikipedia.org\/wiki\/Bogoslovje\">Bogoslovje<\/a>\u00a0je obiskoval v\u00a0<a href=\"http:\/\/sl.wikipedia.org\/wiki\/Maribor\">Mariboru<\/a>\u00a0in bil leta 1933 posve\u010den v duhovnika. Po novi ma\u0161i je bil imenovan za kaplana v Ljutomeru. S 1. januarjem 1934 je bil imenovan za\u00a0<a href=\"http:\/\/sl.wikipedia.org\/wiki\/Kaplan\">kaplana<\/a>\u00a0v\u00a0<a href=\"http:\/\/sl.wikipedia.org\/wiki\/Lendava\">Lendavi<\/a>, kjer je ostal do leta 1938.<\/p>\n<p>Istega leta ga je \u0161kof\u00a0<a href=\"http:\/\/sl.wikipedia.org\/wiki\/Ivan_Jo%C5%BEef_Toma%C5%BEi%C4%8D\">Toma\u017ei\u010d<\/a>\u00a0imenoval za kaplana v\u00a0<a href=\"http:\/\/sl.wikipedia.org\/wiki\/Velika_Polana\">Veliki Polani<\/a>, kjer je naslednje leto postal\u00a0<a href=\"http:\/\/sl.wikipedia.org\/wiki\/%C5%BDupnik\">\u017eupnik<\/a>. V Veliki Polani je ostal do smrti.<\/p>\n<p>Leta 1945\u00a0 so\u00a0<a href=\"http:\/\/sl.wikipedia.org\/wiki\/Prekmurje\">Prekmurje<\/a>\u00a0okupirali\u00a0<a href=\"http:\/\/sl.wikipedia.org\/wiki\/Mad%C5%BEari\">Mad\u017eari<\/a>\u00a0in Halasa zaprli za osem mesecev. Po izpustitvi se je vrnil na staro mesto. 16. marca 1945 so ga, na poti iz Lendave proti Veliki Polani, v Hotizi zajeli\u00a0<a href=\"http:\/\/sl.wikipedia.org\/wiki\/Komunizem\">komunisti<\/a>, ga mu\u010dili in ubili, njegovo truplo pa vrgli v\u00a0<a href=\"http:\/\/sl.wikipedia.org\/wiki\/Mura\">Muro<\/a>.<\/p>\n<p>\u010cez tri dni je mlinar Ludvik Kocet na\u0161el njegovo truplo. Pokopali so ga 21. marca v Veliki Polani. Njegovo smrt pripisujejo pisatelju\u00a0<a href=\"http:\/\/sl.wikipedia.org\/wiki\/Mi%C5%A1ko_Kranjec\">Mi\u0161ku Kranjcu<\/a>, ki je verjetno ukazal njegovo\u00a0<a href=\"http:\/\/sl.wikipedia.org\/wiki\/Likvidacija\">likvidacijo<\/a>.<\/p>\n<p>Leta\u00a0<a href=\"http:\/\/sl.wikipedia.org\/wiki\/2002\">2002<\/a>\u00a0se je za\u010del \u0161kofijski postopek za ugotovitev mu\u010deni\u0161tva Danijela Halasa.<\/p>\n<p>pripravili\u00a0 Tajda in Marjeta<\/p>\n","protected":false},"excerpt":{"rendered":"<p>Danijel Halas Rojen je bil v \u010cren\u0161ovcih o\u010detu Martinu in materi Katarini. O\u010detova dru\u017eina je\u00a0mad\u017earskega\u00a0rodu. Osnovno \u0161olo je obiskoval v doma\u010dem kraju, gimnazijo pa v Murski Soboti in dve leti v Ljubljani. Bogoslovje\u00a0je obiskoval v\u00a0Mariboru\u00a0in bil leta 1933 posve\u010den v &hellip; <a href=\"https:\/\/natalijapodjavorsek.splet.arnes.si\/?page_id=404\">Beri naprej <span class=\"meta-nav\">&rarr;<\/span><\/a><\/p>\n","protected":false},"author":2218,"featured_media":185,"parent":893,"menu_order":0,"comment_status":"closed","ping_status":"closed","template":"","meta":{"footnotes":""},"class_list":["post-404","page","type-page","status-publish","has-post-thumbnail","hentry"],"_links":{"self":[{"href":"https:\/\/natalijapodjavorsek.splet.arnes.si\/index.php?rest_route=\/wp\/v2\/pages\/404","targetHints":{"allow":["GET"]}}],"collection":[{"href":"https:\/\/natalijapodjavorsek.splet.arnes.si\/index.php?rest_route=\/wp\/v2\/pages"}],"about":[{"href":"https:\/\/natalijapodjavorsek.splet.arnes.si\/index.php?rest_route=\/wp\/v2\/types\/page"}],"author":[{"embeddable":true,"href":"https:\/\/natalijapodjavorsek.splet.arnes.si\/index.php?rest_route=\/wp\/v2\/users\/2218"}],"replies":[{"embeddable":true,"href":"https:\/\/natalijapodjavorsek.splet.arnes.si\/index.php?rest_route=%2Fwp%2Fv2%2Fcomments&post=404"}],"version-history":[{"count":1,"href":"https:\/\/natalijapodjavorsek.splet.arnes.si\/index.php?rest_route=\/wp\/v2\/pages\/404\/revisions"}],"predecessor-version":[{"id":406,"href":"https:\/\/natalijapodjavorsek.splet.arnes.si\/index.php?rest_route=\/wp\/v2\/pages\/404\/revisions\/406"}],"up":[{"embeddable":true,"href":"https:\/\/natalijapodjavorsek.splet.arnes.si\/index.php?rest_route=\/wp\/v2\/pages\/893"}],"wp:featuredmedia":[{"embeddable":true,"href":"https:\/\/natalijapodjavorsek.splet.arnes.si\/index.php?rest_route=\/wp\/v2\/media\/185"}],"wp:attachment":[{"href":"https:\/\/natalijapodjavorsek.splet.arnes.si\/index.php?rest_route=%2Fwp%2Fv2%2Fmedia&parent=404"}],"curies":[{"name":"wp","href":"https:\/\/api.w.org\/{rel}","templated":true}]}}