{"id":442,"date":"2015-05-29T18:22:08","date_gmt":"2015-05-29T18:22:08","guid":{"rendered":"http:\/\/natalijapodjavorsek.splet.arnes.si\/?page_id=442"},"modified":"2017-03-10T11:41:28","modified_gmt":"2017-03-10T10:41:28","slug":"lojze-grozde","status":"publish","type":"page","link":"https:\/\/natalijapodjavorsek.splet.arnes.si\/?page_id=442","title":{"rendered":"Lojze grozde"},"content":{"rendered":"<p>Alojzij Grozde se je rodil 27. maja 1923 v Zgornjih Vodalah pri Tr\u017ei\u0161\u010du na Dolenjskem materi Mariji Grozde in o\u010detu Francu Udov\u010du kot nezakonski otrok. Mati je delala kot dninarica. Leta 1927 se je poro\u010dila s Francem Kova\u010dem, vendar Lojze ni smel na poroko in ne na novi materin dom; moral je ostati pri sorodnikih, \u010deprav si je \u017eelel k materi. Pozneje, ko je Lojze napredoval v \u0161oli, mu je o\u010dim postal bolj naklonjen.<\/p>\n<p>Po materini poroki je zanj skrbela teta Ivanka. Poskrbela je, da je \u0161el po ljudski \u0161oli \u0161tudirat v Ljubljano, kamor je sama od\u0161la slu\u017eit. Dobrotniki so ji pomagali, da je Lojze lahko \u0161tudiral. Stanoval je v dija\u0161kem zavodu Marijani\u0161\u010de in obiskoval klasi\u010dno gimnazijo, kjer je bil odli\u010den dijak. Na gimnaziji se je uveljavil kot literarni ustvarjalec. Postal je \u0438lan dija\u0161ke Katoli\u0161ke akcije in sodeloval v zavodski skupini Marijine kongregacije. Zadnja leta gimnazijskega \u0161tudija so bila leta bli\u017eajo\u010de se svetovne vojne. Razmere so se \u0161e bolj zaostrile, ko se je za\u010dela vojna. Za Lojzeta je napo\u0438il \u010das osebne poklicne odlo\u010ditve. Ni se vklju\u010deval v dnevno politiko, ampak je svojo pot iskal v molitvi, ki jo je zdru\u045beval z delom za druge.<\/p>\n<p>Med po\u010ditnicami, pred zadnjim srednje\u0161olskim letom, se ni vrnil domov, saj je bilo tam vedno ve\u010d nasilja in obiski niso bili preprosti. Kljub dobronamernim svarilom pa se je za obisk odlo\u010dil in zaprosil za dovolilnico. Iz Ljubljane se je odpravil konec leta 1943. Najprej se je oglasil v Strugah pri prijatelju. Na petek 1. januarja 1943 je bil pri ma\u0161i v\u00a0<a href=\"http:\/\/sl.wikipedia.org\/wiki\/Cistercijanski_samostan_Sti%C4%8Dna\">Cistercijanskem samostanu Sti\u010dna<\/a>, potem pa se je z vlakom odpeljal iz Ivan\u010dne Gorice do Trebnjega. Tam je izvedel, da z vlakom ne more naprej, ker je bila proga po\u0161kodovana, zato je hotel iti do Mirne pe\u0161. Med potjo je prisedel na neki voz. Pri prvi hi\u0161i na Mirni ga je prijela partizanska stra\u017ea. Pri njem so na\u0161li latinski\u00a0misal, molitvenik Toma\u017ea Kemp\u010dana\u00a0<em>Hoja za Kristusom\u00a0<\/em>in knji\u017eico o Fatimi. Z zasli\u0161evanjem so nadaljevali v bli\u017enji gostilni. Grozdeta so sumili za vojnega obve\u0161\u010devalca in ovaduha (zaradi italijanske dovolilnice in verske literature). Po mu\u010denju in hitrem sojenju je bil Grozde usmr\u010den. Njegovo truplo so 23. februarja na\u0161li \u0161olarji. Prepeljali so ga v sosednji \u0160entrupert, kjer je komisija naredila zapisnik. Grozdetovo truplo so potem pokopali na pokopali\u0161\u010du v \u0160entrupertu, saj ga zaradi razmer tistih dni ni bilo mogo\u010de peljati v doma\u010do \u017eupnijo Tr\u017ei\u0161\u010de.<\/p>\n<p>Ob 50. obletnici Grozdetove smrti je\u00a0<a href=\"http:\/\/nadskofija-ljubljana.si\/\">Nad\u0161kofija Ljubljana<\/a>\u00a0za\u010dela cerkveni postopek za priznanje njegovega mu\u010deni\u0161tva ter s tem za njegovo beatifikacijo in kanonizacijo.<\/p>\n<ol start=\"27\">\n<li>marca 2010 pa je pri\u0161la iz Rima novica, da je pape\u017e potrdil dekret o mu\u010deni\u0161tvu Lojzeta Grozdeta. Tega dne je namre\u010d sprejel v avdienco prefekta Kongregacije za zadeve svetnikov, nad\u0459kofa Angela Amata, in potrdil objavo odloka o Grozdetovem mu\u010deni\u0161tvu. S tem dekretom je dano dovoljenje za beatifikacijo, ki je bila 13. junija 2010 na Slovenskem evharisti\u010dnem kongresu v Celju. Lojze Grozde je bil kot drugi Slovenec (prvi je\u00a0<a href=\"http:\/\/sl.wikipedia.org\/wiki\/Anton_Martin_Slom%C5%A1ek\">Anton Martin Slom\u0161ek<\/a>) uradno razgla\u0161en za bla\u017eenega. V pape\u017eevem imenu ga je razglasil dr\u017eavni tajnik kardinal\u00a0<a href=\"http:\/\/sl.wikipedia.org\/wiki\/Tarcisio_Bertone\">Tarcisio Bertone<\/a>. Beatifikaciji je prisostvovalo med 30.000 in 40.000 vernikov.<\/li>\n<\/ol>\n<p><a href=\"http:\/\/www.skofija-novomesto.si\/\">Novome\u0161ka \u0161kofija<\/a>\u00a0je prvi Grozdetov god praznovala v znamenju prenosa njegovih relikvij iz pokopali\u0161\u010da v \u0160entrupertu v cerkev Matere Bo\u017eje na\u00a0Zaplazu, ki je sicer glavna romarska pot \u0161kofije. \u017de tri dni prej, od 24. do 26. maja, so relikvije romale v \u017eupnije Tr\u017ei\u0161\u010de, \u0160entrupert in Mirna. Osrednja slovesnost se je za\u010dela 27. maja 2011 ob 19. uri z ma\u0161o in blagoslovom nove \u00bbGrozdetove kapele\u00ab ter s slovesnim sprejemom relikvij. Sledilo je no\u010dno \u010da\u0161\u010denje. Naslednji dan dopoldne je bila ma\u0161a, po njej pa polo\u017eitev relikvij v kamniti oltar kapele. Kapelo je z mozaikom opremil pater Marko Ivan Rupnik. Celotna prireditev je potekala pod geslom \u201cSrce se ne boji\u201d.<\/p>\n","protected":false},"excerpt":{"rendered":"<p>Alojzij Grozde se je rodil 27. maja 1923 v Zgornjih Vodalah pri Tr\u017ei\u0161\u010du na Dolenjskem materi Mariji Grozde in o\u010detu Francu Udov\u010du kot nezakonski otrok. Mati je delala kot dninarica. Leta 1927 se je poro\u010dila s Francem Kova\u010dem, vendar Lojze &hellip; <a href=\"https:\/\/natalijapodjavorsek.splet.arnes.si\/?page_id=442\">Beri naprej <span class=\"meta-nav\">&rarr;<\/span><\/a><\/p>\n","protected":false},"author":2218,"featured_media":144,"parent":893,"menu_order":0,"comment_status":"closed","ping_status":"closed","template":"","meta":{"footnotes":""},"class_list":["post-442","page","type-page","status-publish","has-post-thumbnail","hentry"],"_links":{"self":[{"href":"https:\/\/natalijapodjavorsek.splet.arnes.si\/index.php?rest_route=\/wp\/v2\/pages\/442","targetHints":{"allow":["GET"]}}],"collection":[{"href":"https:\/\/natalijapodjavorsek.splet.arnes.si\/index.php?rest_route=\/wp\/v2\/pages"}],"about":[{"href":"https:\/\/natalijapodjavorsek.splet.arnes.si\/index.php?rest_route=\/wp\/v2\/types\/page"}],"author":[{"embeddable":true,"href":"https:\/\/natalijapodjavorsek.splet.arnes.si\/index.php?rest_route=\/wp\/v2\/users\/2218"}],"replies":[{"embeddable":true,"href":"https:\/\/natalijapodjavorsek.splet.arnes.si\/index.php?rest_route=%2Fwp%2Fv2%2Fcomments&post=442"}],"version-history":[{"count":1,"href":"https:\/\/natalijapodjavorsek.splet.arnes.si\/index.php?rest_route=\/wp\/v2\/pages\/442\/revisions"}],"predecessor-version":[{"id":443,"href":"https:\/\/natalijapodjavorsek.splet.arnes.si\/index.php?rest_route=\/wp\/v2\/pages\/442\/revisions\/443"}],"up":[{"embeddable":true,"href":"https:\/\/natalijapodjavorsek.splet.arnes.si\/index.php?rest_route=\/wp\/v2\/pages\/893"}],"wp:featuredmedia":[{"embeddable":true,"href":"https:\/\/natalijapodjavorsek.splet.arnes.si\/index.php?rest_route=\/wp\/v2\/media\/144"}],"wp:attachment":[{"href":"https:\/\/natalijapodjavorsek.splet.arnes.si\/index.php?rest_route=%2Fwp%2Fv2%2Fmedia&parent=442"}],"curies":[{"name":"wp","href":"https:\/\/api.w.org\/{rel}","templated":true}]}}