{"id":737,"date":"2017-03-10T10:19:15","date_gmt":"2017-03-10T09:19:15","guid":{"rendered":"http:\/\/natalijapodjavorsek.splet.arnes.si\/?page_id=737"},"modified":"2019-10-10T17:05:44","modified_gmt":"2019-10-10T15:05:44","slug":"duhovne-vaje-druzinske-kateheze-domzale","status":"publish","type":"page","link":"https:\/\/natalijapodjavorsek.splet.arnes.si\/?page_id=737","title":{"rendered":"DHV Dru\u017einska kateheza Dom\u017eale"},"content":{"rendered":"<p><a href=\"http:\/\/natalijapodjavorsek.splet.arnes.si\/files\/2015\/03\/PRVI-DUHOVNI-VIKEND-DRU\u017dINSKE-KATEHEZE.docx\">KAN\u010cEVCI 2014- Misija Bo\u017eji otrok <\/a><\/p>\n<p><a href=\"http:\/\/natalijapodjavorsek.splet.arnes.si\/files\/2015\/02\/program-dhv-v-sti\u010dni.docx\">STI\u010cNA 2015 HEJ BRAT ODPRI O\u010cI<\/a><\/p>\n<p><a href=\"http:\/\/natalijapodjavorsek.splet.arnes.si\/files\/2017\/03\/duhovne-vaje-sti\u010dna-2016.docx\">STI\u010cNA 2016\u00a0 &#8211; KER JE BOG TAKO USMILJEN<br \/>\n<\/a><\/p>\n<p><a href=\"http:\/\/natalijapodjavorsek.splet.arnes.si\/files\/2017\/03\/DUHOVNI-VIKEND-KAN\u010cEVCI-2017-DRUGA\u010cNOST-KOT-IZZIV.docx\">KAN\u010cEVCI 2017 DRUGA\u010cNOST KOT IZZIV<\/a><\/p>\n<p><a href=\"http:\/\/natalijapodjavorsek.splet.arnes.si\/files\/2017\/03\/duhovni-vikend-kancevci.docx\">KAN\u010cEVCI 2018 Kje si<\/a>\u00a0moj BOg?<\/p>\n<p><a href=\"http:\/\/natalijapodjavorsek.splet.arnes.si\/files\/2017\/03\/DHV-2019-2.docx\">KAN\u010cEVCI 2019 Bo\u017eja ljubezen v ob\u010destvu \u017eivi tudi preko mene\u00a0<\/a><\/p>\n","protected":false},"excerpt":{"rendered":"<p>KAN\u010cEVCI 2014- Misija Bo\u017eji otrok STI\u010cNA 2015 HEJ BRAT ODPRI O\u010cI STI\u010cNA 2016\u00a0 &#8211; KER JE BOG TAKO USMILJEN KAN\u010cEVCI 2017 DRUGA\u010cNOST KOT IZZIV KAN\u010cEVCI 2018 Kje si\u00a0moj BOg? KAN\u010cEVCI 2019 Bo\u017eja ljubezen v ob\u010destvu \u017eivi tudi preko mene\u00a0<\/p>\n","protected":false},"author":2218,"featured_media":0,"parent":269,"menu_order":0,"comment_status":"closed","ping_status":"closed","template":"","meta":{"footnotes":""},"class_list":["post-737","page","type-page","status-publish","hentry"],"_links":{"self":[{"href":"https:\/\/natalijapodjavorsek.splet.arnes.si\/index.php?rest_route=\/wp\/v2\/pages\/737","targetHints":{"allow":["GET"]}}],"collection":[{"href":"https:\/\/natalijapodjavorsek.splet.arnes.si\/index.php?rest_route=\/wp\/v2\/pages"}],"about":[{"href":"https:\/\/natalijapodjavorsek.splet.arnes.si\/index.php?rest_route=\/wp\/v2\/types\/page"}],"author":[{"embeddable":true,"href":"https:\/\/natalijapodjavorsek.splet.arnes.si\/index.php?rest_route=\/wp\/v2\/users\/2218"}],"replies":[{"embeddable":true,"href":"https:\/\/natalijapodjavorsek.splet.arnes.si\/index.php?rest_route=%2Fwp%2Fv2%2Fcomments&post=737"}],"version-history":[{"count":12,"href":"https:\/\/natalijapodjavorsek.splet.arnes.si\/index.php?rest_route=\/wp\/v2\/pages\/737\/revisions"}],"predecessor-version":[{"id":2587,"href":"https:\/\/natalijapodjavorsek.splet.arnes.si\/index.php?rest_route=\/wp\/v2\/pages\/737\/revisions\/2587"}],"up":[{"embeddable":true,"href":"https:\/\/natalijapodjavorsek.splet.arnes.si\/index.php?rest_route=\/wp\/v2\/pages\/269"}],"wp:attachment":[{"href":"https:\/\/natalijapodjavorsek.splet.arnes.si\/index.php?rest_route=%2Fwp%2Fv2%2Fmedia&parent=737"}],"curies":[{"name":"wp","href":"https:\/\/api.w.org\/{rel}","templated":true}]}}