{"id":77,"date":"2015-02-28T18:37:24","date_gmt":"2015-02-28T18:37:24","guid":{"rendered":"http:\/\/natalijapodjavorsek.splet.arnes.si\/?page_id=77"},"modified":"2017-03-24T11:16:34","modified_gmt":"2017-03-24T10:16:34","slug":"vsebina-kateheze","status":"publish","type":"page","link":"https:\/\/natalijapodjavorsek.splet.arnes.si\/?page_id=77","title":{"rendered":"VSEBINA KATEHEZE"},"content":{"rendered":"<table style=\"height: 703px\" width=\"687\">\n<tbody>\n<tr>\n<td>\n<h4 style=\"text-align: center\">Vsako leto je v sklopu dru\u017einske kateheze predvidenih 24 obi\u010dajnih\u00a0sre\u010danj, 4 sre\u010danja so\u00a0namenjena svetopisemskemu kvizu in 4 sre\u010danja vsebini trenutnega leta (godovni zavetniki, ABC katekizem\u00a0, svetni\u0161ki kandidati, \u017eupnija-\u0161kofija-vesoljna cerkev).<\/h4>\n<h4 style=\"text-align: center\">OBI\u010cAJNA SRE\u010cANJA\u00a0\u00a0se za\u010dnejo s skupnim\u00a0 15 minutnim uvodom: pesem, molitev, vpra\u0161anja vezana na nedeljski evangelij in\u00a0oznanila. V nadaljevanju se razdelimo v skupine:<\/h4>\n<p><span style=\"color: #808000\"><a title=\"KATEHEZA STAR\u0160EV\" href=\"http:\/\/natalijapodjavorsek.splet.arnes.si\/?page_id=154\"><span style=\"color: #808000\">KATEHEZA STAR\u0160I<\/span><\/a> \u00a0\u00a0\u00a0\u00a0 <a href=\"http:\/\/natalijapodjavorsek.splet.arnes.si\/?page_id=1425\">BIRMANCI <\/a>\u00a0 \u00a0\u00a0<a title=\"KATEHEZA II.TRIADA\" href=\"http:\/\/natalijapodjavorsek.splet.arnes.si\/?page_id=317\">KATEHEZA\u00a0 II. TRIADA\u00a0 <\/a>\u00a0 <a title=\"KATEHEZA ZA I. TRIADO\" href=\"http:\/\/natalijapodjavorsek.splet.arnes.si\/?page_id=169\"><span style=\"color: #808000\">KATEHEZA I.TRIADA <\/span><\/a>\u00a0\u00a0\u00a0\u00a0\u00a0\u00a0 <a title=\"KATEHEZA II.TRIADA\" href=\"http:\/\/natalijapodjavorsek.splet.arnes.si\/?page_id=1433\">PRED\u0160OLSKI<\/a><\/span><\/p>\n<h4 style=\"text-align: center\"><\/h4>\n<h4 style=\"text-align: center\"><span style=\"color: #ff6600\"><strong>SKUPNI CILJI DRU\u017dINSKE KATEHEZE<\/strong><\/span><\/h4>\n<h5 style=\"text-align: center\"><span style=\"color: #993300\"><strong>Spoznati vsebino veselega oznanila \u2013evangelija in spodbuditi k pozornemu poslu\u0161anju Bo\u017eje besede, da jo potem lahko <\/strong><strong>uresni\u010dujemo v svojih \u017eivljenjih.<\/strong><\/span><\/h5>\n<h5 style=\"text-align: center\"><span style=\"color: #993300\"><strong>Spoznati pomen praznikov v cerkvenem letu in skupna priprava na praznovanje Bo\u017ei\u010da in Velike no\u010di.<\/strong><\/span><\/h5>\n<h5 style=\"text-align: center\"><span style=\"color: #993300\"><strong>Biti aktiven del\u00a0 doma\u010de \u017eupnije.<\/strong><\/span><\/h5>\n<h5 style=\"text-align: center\"><span style=\"color: #993300\"><b>Spoznati na\u0161e godovne zavetnike in se zavedati dejstva, da se s smrtjo na\u0161e \u017eivljenje ne kon\u010da.\u00a0<\/b><\/span><\/h5>\n<\/td>\n<\/tr>\n<\/tbody>\n<\/table>\n<p><\/p>\n","protected":false},"excerpt":{"rendered":"<p>Vsako leto je v sklopu dru\u017einske kateheze predvidenih 24 obi\u010dajnih\u00a0sre\u010danj, 4 sre\u010danja so\u00a0namenjena svetopisemskemu kvizu in 4 sre\u010danja vsebini trenutnega leta (godovni zavetniki, ABC katekizem\u00a0, svetni\u0161ki kandidati, \u017eupnija-\u0161kofija-vesoljna cerkev). OBI\u010cAJNA SRE\u010cANJA\u00a0\u00a0se za\u010dnejo s skupnim\u00a0 15 minutnim uvodom: pesem, molitev, vpra\u0161anja &hellip; <a href=\"https:\/\/natalijapodjavorsek.splet.arnes.si\/?page_id=77\">Beri naprej <span class=\"meta-nav\">&rarr;<\/span><\/a><\/p>\n","protected":false},"author":2218,"featured_media":144,"parent":0,"menu_order":2,"comment_status":"open","ping_status":"closed","template":"","meta":{"footnotes":""},"class_list":["post-77","page","type-page","status-publish","has-post-thumbnail","hentry"],"_links":{"self":[{"href":"https:\/\/natalijapodjavorsek.splet.arnes.si\/index.php?rest_route=\/wp\/v2\/pages\/77","targetHints":{"allow":["GET"]}}],"collection":[{"href":"https:\/\/natalijapodjavorsek.splet.arnes.si\/index.php?rest_route=\/wp\/v2\/pages"}],"about":[{"href":"https:\/\/natalijapodjavorsek.splet.arnes.si\/index.php?rest_route=\/wp\/v2\/types\/page"}],"author":[{"embeddable":true,"href":"https:\/\/natalijapodjavorsek.splet.arnes.si\/index.php?rest_route=\/wp\/v2\/users\/2218"}],"replies":[{"embeddable":true,"href":"https:\/\/natalijapodjavorsek.splet.arnes.si\/index.php?rest_route=%2Fwp%2Fv2%2Fcomments&post=77"}],"version-history":[{"count":19,"href":"https:\/\/natalijapodjavorsek.splet.arnes.si\/index.php?rest_route=\/wp\/v2\/pages\/77\/revisions"}],"predecessor-version":[{"id":1449,"href":"https:\/\/natalijapodjavorsek.splet.arnes.si\/index.php?rest_route=\/wp\/v2\/pages\/77\/revisions\/1449"}],"wp:featuredmedia":[{"embeddable":true,"href":"https:\/\/natalijapodjavorsek.splet.arnes.si\/index.php?rest_route=\/wp\/v2\/media\/144"}],"wp:attachment":[{"href":"https:\/\/natalijapodjavorsek.splet.arnes.si\/index.php?rest_route=%2Fwp%2Fv2%2Fmedia&parent=77"}],"curies":[{"name":"wp","href":"https:\/\/api.w.org\/{rel}","templated":true}]}}