{"id":927,"date":"2017-03-10T12:54:28","date_gmt":"2017-03-10T11:54:28","guid":{"rendered":"http:\/\/natalijapodjavorsek.splet.arnes.si\/?page_id=927"},"modified":"2019-10-02T06:42:28","modified_gmt":"2019-10-02T04:42:28","slug":"aktualno","status":"publish","type":"page","link":"https:\/\/natalijapodjavorsek.splet.arnes.si\/?page_id=927","title":{"rendered":"AKTUALNO"},"content":{"rendered":"<p><a href=\"http:\/\/natalijapodjavorsek.splet.arnes.si\/files\/2017\/03\/od-\u017e-so-a-1.docx\">NAvodila za delo ob knjigi: OD \u017d do A<\/a><\/p>\n<p><a href=\"http:\/\/natalijapodjavorsek.splet.arnes.si\/?page_id=2349\"><u>PROGRAM ZA LETO\u0160NJE LETO<\/u><\/a><\/p>\n<p><a href=\"http:\/\/natalijapodjavorsek.splet.arnes.si\/?p=2343\">NAVODILA ZA UPORABO ZA DRU\u017dINSKO KATEHEZO <\/a><\/p>\n<p>&nbsp;<\/p>\n","protected":false},"excerpt":{"rendered":"<p>NAvodila za delo ob knjigi: OD \u017d do A PROGRAM ZA LETO\u0160NJE LETO NAVODILA ZA UPORABO ZA DRU\u017dINSKO KATEHEZO &nbsp;<\/p>\n","protected":false},"author":2218,"featured_media":0,"parent":0,"menu_order":9,"comment_status":"closed","ping_status":"closed","template":"","meta":{"footnotes":""},"class_list":["post-927","page","type-page","status-publish","hentry"],"_links":{"self":[{"href":"https:\/\/natalijapodjavorsek.splet.arnes.si\/index.php?rest_route=\/wp\/v2\/pages\/927","targetHints":{"allow":["GET"]}}],"collection":[{"href":"https:\/\/natalijapodjavorsek.splet.arnes.si\/index.php?rest_route=\/wp\/v2\/pages"}],"about":[{"href":"https:\/\/natalijapodjavorsek.splet.arnes.si\/index.php?rest_route=\/wp\/v2\/types\/page"}],"author":[{"embeddable":true,"href":"https:\/\/natalijapodjavorsek.splet.arnes.si\/index.php?rest_route=\/wp\/v2\/users\/2218"}],"replies":[{"embeddable":true,"href":"https:\/\/natalijapodjavorsek.splet.arnes.si\/index.php?rest_route=%2Fwp%2Fv2%2Fcomments&post=927"}],"version-history":[{"count":19,"href":"https:\/\/natalijapodjavorsek.splet.arnes.si\/index.php?rest_route=\/wp\/v2\/pages\/927\/revisions"}],"predecessor-version":[{"id":2555,"href":"https:\/\/natalijapodjavorsek.splet.arnes.si\/index.php?rest_route=\/wp\/v2\/pages\/927\/revisions\/2555"}],"wp:attachment":[{"href":"https:\/\/natalijapodjavorsek.splet.arnes.si\/index.php?rest_route=%2Fwp%2Fv2%2Fmedia&parent=927"}],"curies":[{"name":"wp","href":"https:\/\/api.w.org\/{rel}","templated":true}]}}