{"id":951,"date":"2017-03-10T15:27:11","date_gmt":"2017-03-10T14:27:11","guid":{"rendered":"http:\/\/natalijapodjavorsek.splet.arnes.si\/?page_id=951"},"modified":"2022-06-27T22:09:05","modified_gmt":"2022-06-27T20:09:05","slug":"arhiv","status":"publish","type":"page","link":"https:\/\/natalijapodjavorsek.splet.arnes.si\/?page_id=951","title":{"rendered":"LETNI PROGRAMI DRU\u017dINSKE KATEHEZE DOMA\u017dE"},"content":{"rendered":"<p><a href=\"https:\/\/natalijapodjavorsek.splet.arnes.si\/files\/2022\/06\/DK-program-202122-pravi-2-2.docx\">DESETO LETO DK 2021 22 BO\u017dJI POLJUBI V MOJEM \u017dIVLJENJU<\/a><\/p>\n<p><a href=\"https:\/\/natalijapodjavorsek.splet.arnes.si\/files\/2022\/06\/program-DK20-za-na-hladilnik.docx\">DEVETO LETO&nbsp; DK 2020 21 ODGOVOREN SEM<\/a><\/p>\n<p><a href=\"https:\/\/natalijapodjavorsek.splet.arnes.si\/files\/2022\/06\/DK-Domzale-2019-2020-koncna-7.docx\">OSMO LETO DK 2019 20 SVETI DUH NAM POMAGA GRADITI OB\u010cESTVO <\/a><\/p>\n<p><u><\/u><a href=\"https:\/\/natalijapodjavorsek.splet.arnes.si\/files\/2022\/06\/DK-program-kratek-201819-3-2.docx\"><u>SEDMO LETO 2018 19&nbsp; BO\u017dJA LJUBEZEN V OB\u010cESTVU \u017dIVI TUDI PREKO MENE<\/u><\/a><\/p>\n<p><a href=\"https:\/\/natalijapodjavorsek.splet.arnes.si\/files\/2022\/06\/program-DK-201718-1.docx\">\u0160ESTO LETO 201718 &#8211; ABC KATEKIZEM<\/a><\/p>\n<p><a href=\"https:\/\/natalijapodjavorsek.splet.arnes.si\/files\/2022\/06\/druzzinska-kateheza-201617-prava-2-4.docx\">PETO LETO&nbsp; 2016-17 NA\u0160I GODOVNI ZAVETNIKI<\/a><\/p>\n<p><a href=\"https:\/\/natalijapodjavorsek.splet.arnes.si\/files\/2022\/06\/Druzinska-kateheza-2015-2016_Domzale-6.doc\">\u010cETRO LETO&nbsp; 2015-2016_\u017dUPNIJA, \u0160KOFIJA; CERKEV<\/a><\/p>\n<p><a href=\"https:\/\/natalijapodjavorsek.splet.arnes.si\/files\/2022\/06\/druzinska-kateheza-A-2014-15-1.docx\">TRETJE LETO&nbsp; 2014-15&nbsp; SLOVENSKI SVETNIKI IN SVETNI\u0160KI KANDIDATI<\/a><\/p>\n<p><a href=\"https:\/\/natalijapodjavorsek.splet.arnes.si\/files\/2022\/06\/druzinska-201314-in-duhovni-vikend-2.doc\">DRUGO LETO 201314 ABC KATEKIZEM<\/a><\/p>\n<p><a href=\"https:\/\/natalijapodjavorsek.splet.arnes.si\/files\/2022\/06\/druzinska-kateheza-za-201213.docx\">PRVO LETO &#8211;&nbsp;<\/a><a href=\"http:\/\/natalijapodjavorsek.splet.arnes.si\/files\/2017\/03\/druzinska-kateheza-za-201213.docx\"> 201213 GODOVNI ZAVETNIKI PRVI\u010c<\/a><\/p>\n<p><\/p>\n\n\n<div class=\"wp-block-file\"><a href=\"https:\/\/natalijapodjavorsek.splet.arnes.si\/files\/2022\/06\/DK-program-202122-pravi-2-2.docx\">DK-program-202122-pravi-2-2<\/a><a href=\"https:\/\/natalijapodjavorsek.splet.arnes.si\/files\/2022\/06\/DK-program-202122-pravi-2-2.docx\" class=\"wp-block-file__button\" download>Prenos<\/a><\/div>\n\n\n\n<div class=\"wp-block-file\"><a href=\"https:\/\/natalijapodjavorsek.splet.arnes.si\/files\/2022\/06\/program-DK20-za-na-hladilnik.docx\">program-DK20-za-na-hladilnik<\/a><a href=\"https:\/\/natalijapodjavorsek.splet.arnes.si\/files\/2022\/06\/program-DK20-za-na-hladilnik.docx\" class=\"wp-block-file__button\" download>Prenos<\/a><\/div>\n\n\n\n<div class=\"wp-block-file\"><a href=\"https:\/\/natalijapodjavorsek.splet.arnes.si\/files\/2022\/06\/DK-Domzale-2019-2020-koncna-7.docx\">DK-Domzale-2019-2020-koncna-7<\/a><a href=\"https:\/\/natalijapodjavorsek.splet.arnes.si\/files\/2022\/06\/DK-Domzale-2019-2020-koncna-7.docx\" class=\"wp-block-file__button\" download>Prenos<\/a><\/div>\n\n\n\n<div class=\"wp-block-file\"><a href=\"https:\/\/natalijapodjavorsek.splet.arnes.si\/files\/2022\/06\/DK-program-kratek-201819-3-2.docx\">DK-program-kratek-201819-3-2<\/a><a href=\"https:\/\/natalijapodjavorsek.splet.arnes.si\/files\/2022\/06\/DK-program-kratek-201819-3-2.docx\" class=\"wp-block-file__button\" download>Prenos<\/a><\/div>\n\n\n\n<div class=\"wp-block-file\"><a href=\"https:\/\/natalijapodjavorsek.splet.arnes.si\/files\/2022\/06\/program-DK-201718-1.docx\">program-DK-201718-1<\/a><a href=\"https:\/\/natalijapodjavorsek.splet.arnes.si\/files\/2022\/06\/program-DK-201718-1.docx\" class=\"wp-block-file__button\" download>Prenos<\/a><\/div>\n\n\n\n<div class=\"wp-block-file\"><a href=\"https:\/\/natalijapodjavorsek.splet.arnes.si\/files\/2022\/06\/druzzinska-kateheza-201617-prava-2-4.docx\">druzzinska-kateheza-201617-prava-2-4<\/a><a href=\"https:\/\/natalijapodjavorsek.splet.arnes.si\/files\/2022\/06\/druzzinska-kateheza-201617-prava-2-4.docx\" class=\"wp-block-file__button\" download>Prenos<\/a><\/div>\n\n\n\n<div class=\"wp-block-file\"><a href=\"https:\/\/natalijapodjavorsek.splet.arnes.si\/files\/2022\/06\/Druzinska-kateheza-2015-2016_Domzale-6.doc\">Druzinska-kateheza-2015-2016_Domzale-6<\/a><a href=\"https:\/\/natalijapodjavorsek.splet.arnes.si\/files\/2022\/06\/Druzinska-kateheza-2015-2016_Domzale-6.doc\" class=\"wp-block-file__button\" download>Prenos<\/a><\/div>\n\n\n\n<div class=\"wp-block-file\"><a href=\"https:\/\/natalijapodjavorsek.splet.arnes.si\/files\/2022\/06\/druzinska-kateheza-A-2014-15-1.docx\">druzinska-kateheza-A-2014-15-1<\/a><a href=\"https:\/\/natalijapodjavorsek.splet.arnes.si\/files\/2022\/06\/druzinska-kateheza-A-2014-15-1.docx\" class=\"wp-block-file__button\" download>Prenos<\/a><\/div>\n\n\n\n<div class=\"wp-block-file\"><a href=\"https:\/\/natalijapodjavorsek.splet.arnes.si\/files\/2022\/06\/druzinska-kateheza-za-201213.docx\">druzinska-kateheza-za-201213<\/a><a href=\"https:\/\/natalijapodjavorsek.splet.arnes.si\/files\/2022\/06\/druzinska-kateheza-za-201213.docx\" class=\"wp-block-file__button\" download>Prenos<\/a><\/div>\n\n\n\n<div class=\"wp-block-file\"><a href=\"https:\/\/natalijapodjavorsek.splet.arnes.si\/files\/2022\/06\/druzinska-201314-in-duhovni-vikend-2.doc\">druzinska-201314-in-duhovni-vikend-2<\/a><a href=\"https:\/\/natalijapodjavorsek.splet.arnes.si\/files\/2022\/06\/druzinska-201314-in-duhovni-vikend-2.doc\" class=\"wp-block-file__button\" download>Prenos<\/a><\/div>\n","protected":false},"excerpt":{"rendered":"<p>DESETO LETO DK 2021 22 BO\u017dJI POLJUBI V MOJEM \u017dIVLJENJU DEVETO LETO&nbsp; DK 2020 21 ODGOVOREN SEM OSMO LETO DK 2019 20 SVETI DUH NAM POMAGA GRADITI OB\u010cESTVO SEDMO LETO 2018 19&nbsp; BO\u017dJA LJUBEZEN V OB\u010cESTVU \u017dIVI TUDI PREKO MENE &hellip; <a href=\"https:\/\/natalijapodjavorsek.splet.arnes.si\/?page_id=951\">Beri naprej <span class=\"meta-nav\">&rarr;<\/span><\/a><\/p>\n","protected":false},"author":2218,"featured_media":0,"parent":77,"menu_order":6,"comment_status":"closed","ping_status":"closed","template":"","meta":{"footnotes":""},"class_list":["post-951","page","type-page","status-publish","hentry"],"_links":{"self":[{"href":"https:\/\/natalijapodjavorsek.splet.arnes.si\/index.php?rest_route=\/wp\/v2\/pages\/951","targetHints":{"allow":["GET"]}}],"collection":[{"href":"https:\/\/natalijapodjavorsek.splet.arnes.si\/index.php?rest_route=\/wp\/v2\/pages"}],"about":[{"href":"https:\/\/natalijapodjavorsek.splet.arnes.si\/index.php?rest_route=\/wp\/v2\/types\/page"}],"author":[{"embeddable":true,"href":"https:\/\/natalijapodjavorsek.splet.arnes.si\/index.php?rest_route=\/wp\/v2\/users\/2218"}],"replies":[{"embeddable":true,"href":"https:\/\/natalijapodjavorsek.splet.arnes.si\/index.php?rest_route=%2Fwp%2Fv2%2Fcomments&post=951"}],"version-history":[{"count":17,"href":"https:\/\/natalijapodjavorsek.splet.arnes.si\/index.php?rest_route=\/wp\/v2\/pages\/951\/revisions"}],"predecessor-version":[{"id":2767,"href":"https:\/\/natalijapodjavorsek.splet.arnes.si\/index.php?rest_route=\/wp\/v2\/pages\/951\/revisions\/2767"}],"up":[{"embeddable":true,"href":"https:\/\/natalijapodjavorsek.splet.arnes.si\/index.php?rest_route=\/wp\/v2\/pages\/77"}],"wp:attachment":[{"href":"https:\/\/natalijapodjavorsek.splet.arnes.si\/index.php?rest_route=%2Fwp%2Fv2%2Fmedia&parent=951"}],"curies":[{"name":"wp","href":"https:\/\/api.w.org\/{rel}","templated":true}]}}