{"id":96,"date":"2015-02-28T19:40:40","date_gmt":"2015-02-28T18:40:40","guid":{"rendered":"http:\/\/natalijapodjavorsek.splet.arnes.si\/?page_id=96"},"modified":"2017-09-28T06:11:06","modified_gmt":"2017-09-28T04:11:06","slug":"posebna-srecanja","status":"publish","type":"page","link":"https:\/\/natalijapodjavorsek.splet.arnes.si\/?page_id=96","title":{"rendered":"POSEBNA SRE\u010cANJA"},"content":{"rendered":"<p>Vsako leto so \u0161tiri sre\u010danja namenjena posebnim vsebinam. Eno leto godovnim zavetnikom, drugo leto ABC katekizmu, tretje leto slovenskim\u00a0 svetni\u0161kim kandidatom in \u010detrto leto \u017eupniji, \u0161kofiji in vesoljni cerkvi. Ta sre\u010danja lahko potekajo v okviru kvizov, iger, predstavitev&#8230;<\/p>\n<p>&nbsp;<\/p>\n<p><a href=\"http:\/\/natalijapodjavorsek.splet.arnes.si\/files\/2015\/02\/kviz-ABC-katekizem-1.docx\">kviz ABC katekizem<\/a><\/p>\n<p><a href=\"http:\/\/natalijapodjavorsek.splet.arnes.si\/files\/2015\/02\/NALOGE-POVEZANE-Z-ANTONOM-MARTINOM-SLOM\u0160KOM.docx\">PRVI KVIZ V LETU SVETNIKOV<\/a><\/p>\n<p><a href=\"http:\/\/natalijapodjavorsek.splet.arnes.si\/files\/2016\/01\/CERKEV-NA-SLOVENSKEM.pptx\">CERKEV NA SLOVENSKEM<\/a><\/p>\n<p><a href=\"http:\/\/natalijapodjavorsek.splet.arnes.si\/files\/2015\/02\/dom\u017eale-skozi-\u010das.pptx\">\u017dUPNIJA DOM\u017dALE SKOZI \u010cAS<\/a><\/p>\n<p><a href=\"http:\/\/natalijapodjavorsek.splet.arnes.si\/files\/2015\/02\/\u017eupnija-dom\u017eale-Jana.docx\">KVIZ O SKUPINAH V \u017dUPNIJI DOM\u017dALE<\/a><\/p>\n","protected":false},"excerpt":{"rendered":"<p>Vsako leto so \u0161tiri sre\u010danja namenjena posebnim vsebinam. Eno leto godovnim zavetnikom, drugo leto ABC katekizmu, tretje leto slovenskim\u00a0 svetni\u0161kim kandidatom in \u010detrto leto \u017eupniji, \u0161kofiji in vesoljni cerkvi. Ta sre\u010danja lahko potekajo v okviru kvizov, iger, predstavitev&#8230; &nbsp; kviz &hellip; <a href=\"https:\/\/natalijapodjavorsek.splet.arnes.si\/?page_id=96\">Beri naprej <span class=\"meta-nav\">&rarr;<\/span><\/a><\/p>\n","protected":false},"author":2218,"featured_media":140,"parent":0,"menu_order":3,"comment_status":"open","ping_status":"open","template":"","meta":{"footnotes":""},"class_list":["post-96","page","type-page","status-publish","has-post-thumbnail","hentry"],"_links":{"self":[{"href":"https:\/\/natalijapodjavorsek.splet.arnes.si\/index.php?rest_route=\/wp\/v2\/pages\/96","targetHints":{"allow":["GET"]}}],"collection":[{"href":"https:\/\/natalijapodjavorsek.splet.arnes.si\/index.php?rest_route=\/wp\/v2\/pages"}],"about":[{"href":"https:\/\/natalijapodjavorsek.splet.arnes.si\/index.php?rest_route=\/wp\/v2\/types\/page"}],"author":[{"embeddable":true,"href":"https:\/\/natalijapodjavorsek.splet.arnes.si\/index.php?rest_route=\/wp\/v2\/users\/2218"}],"replies":[{"embeddable":true,"href":"https:\/\/natalijapodjavorsek.splet.arnes.si\/index.php?rest_route=%2Fwp%2Fv2%2Fcomments&post=96"}],"version-history":[{"count":8,"href":"https:\/\/natalijapodjavorsek.splet.arnes.si\/index.php?rest_route=\/wp\/v2\/pages\/96\/revisions"}],"predecessor-version":[{"id":2199,"href":"https:\/\/natalijapodjavorsek.splet.arnes.si\/index.php?rest_route=\/wp\/v2\/pages\/96\/revisions\/2199"}],"wp:featuredmedia":[{"embeddable":true,"href":"https:\/\/natalijapodjavorsek.splet.arnes.si\/index.php?rest_route=\/wp\/v2\/media\/140"}],"wp:attachment":[{"href":"https:\/\/natalijapodjavorsek.splet.arnes.si\/index.php?rest_route=%2Fwp%2Fv2%2Fmedia&parent=96"}],"curies":[{"name":"wp","href":"https:\/\/api.w.org\/{rel}","templated":true}]}}