{"id":969,"date":"2017-03-10T16:03:50","date_gmt":"2017-03-10T15:03:50","guid":{"rendered":"http:\/\/natalijapodjavorsek.splet.arnes.si\/?page_id=969"},"modified":"2020-09-06T18:22:07","modified_gmt":"2020-09-06T16:22:07","slug":"za-animatorje","status":"publish","type":"page","link":"https:\/\/natalijapodjavorsek.splet.arnes.si\/?page_id=969","title":{"rendered":"ZA ANIMATORJE"},"content":{"rendered":"<p><a href=\"http:\/\/natalijapodjavorsek.splet.arnes.si\/files\/2017\/03\/pred\u0161olski-otroci-pri-dru\u017einski-katehezi-leto-12-april-1.docx\">VSEBINSKA PRIPRAVE PRED \u0160OLSKI OTROCI\u00a0<\/a><\/p>\n<p><a href=\"http:\/\/natalijapodjavorsek.splet.arnes.si\/?p=2413\">POTEK MA\u0160E\u00a0 &#8211; Stop, kaj je to?<\/a><\/p>\n<p><a href=\"http:\/\/natalijapodjavorsek.splet.arnes.si\/files\/2017\/03\/KRI\u017dEV-POT-ZA-OTROKE-pobarvanka.pdf\">KRI\u017dEV POT ZA OTROKE pobarvanka<\/a>\u00a0 <a href=\"http:\/\/zupnija-vipava.si\/wp-content\/uploads\/2011\/03\/KRI\u017dEV-POT-ZA-OTROKE.pdf\">besedilo\u00a0<\/a><\/p>\n<p><a href=\"http:\/\/natalijapodjavorsek.splet.arnes.si\/?p=2249\">VSTOP V POSTNI \u010cAS<\/a><\/p>\n<p><a href=\"http:\/\/natalijapodjavorsek.splet.arnes.si\/files\/2017\/03\/druz\u017einska-kateheza-201617-prava-2.docx\">RAZPORED TEM<br \/>\n<\/a><\/p>\n<p><a href=\"http:\/\/natalijapodjavorsek.splet.arnes.si\/files\/2017\/03\/post-in-velika-no\u010d-pred\u0161olski.docx\">post in velika no\u010d pred\u0161olski<\/a><\/p>\n<p><a href=\"http:\/\/natalijapodjavorsek.splet.arnes.si\/?page_id=2299\">PESMI ZA PRED\u0160OLSKE OTROKE\u00a0<\/a><\/p>\n","protected":false},"excerpt":{"rendered":"<p>VSEBINSKA PRIPRAVE PRED \u0160OLSKI OTROCI\u00a0 POTEK MA\u0160E\u00a0 &#8211; Stop, kaj je to? KRI\u017dEV POT ZA OTROKE pobarvanka\u00a0 besedilo\u00a0 VSTOP V POSTNI \u010cAS RAZPORED TEM post in velika no\u010d pred\u0161olski PESMI ZA PRED\u0160OLSKE OTROKE\u00a0<\/p>\n","protected":false},"author":2218,"featured_media":0,"parent":0,"menu_order":8,"comment_status":"closed","ping_status":"closed","template":"","meta":{"footnotes":""},"class_list":["post-969","page","type-page","status-publish","hentry"],"_links":{"self":[{"href":"https:\/\/natalijapodjavorsek.splet.arnes.si\/index.php?rest_route=\/wp\/v2\/pages\/969","targetHints":{"allow":["GET"]}}],"collection":[{"href":"https:\/\/natalijapodjavorsek.splet.arnes.si\/index.php?rest_route=\/wp\/v2\/pages"}],"about":[{"href":"https:\/\/natalijapodjavorsek.splet.arnes.si\/index.php?rest_route=\/wp\/v2\/types\/page"}],"author":[{"embeddable":true,"href":"https:\/\/natalijapodjavorsek.splet.arnes.si\/index.php?rest_route=\/wp\/v2\/users\/2218"}],"replies":[{"embeddable":true,"href":"https:\/\/natalijapodjavorsek.splet.arnes.si\/index.php?rest_route=%2Fwp%2Fv2%2Fcomments&post=969"}],"version-history":[{"count":18,"href":"https:\/\/natalijapodjavorsek.splet.arnes.si\/index.php?rest_route=\/wp\/v2\/pages\/969\/revisions"}],"predecessor-version":[{"id":2677,"href":"https:\/\/natalijapodjavorsek.splet.arnes.si\/index.php?rest_route=\/wp\/v2\/pages\/969\/revisions\/2677"}],"wp:attachment":[{"href":"https:\/\/natalijapodjavorsek.splet.arnes.si\/index.php?rest_route=%2Fwp%2Fv2%2Fmedia&parent=969"}],"curies":[{"name":"wp","href":"https:\/\/api.w.org\/{rel}","templated":true}]}}