{"id":987,"date":"2017-03-10T16:22:08","date_gmt":"2017-03-10T15:22:08","guid":{"rendered":"http:\/\/natalijapodjavorsek.splet.arnes.si\/?page_id=987"},"modified":"2017-03-10T16:42:10","modified_gmt":"2017-03-10T15:42:10","slug":"pesmi-za-prvoobhajilo-2017","status":"publish","type":"page","link":"https:\/\/natalijapodjavorsek.splet.arnes.si\/?page_id=987","title":{"rendered":"PESMI ZA PRVOOBHAJILO 2017"},"content":{"rendered":"<p>Uvod: Ob mizi v skupnost nas dru\u017ei\u0161<\/p>\n<p>Gospod usmili se: <a href=\"http:\/\/www.donbosko.si\/sites\/default\/files\/pages\/datoteke\/opz2017_02_gospod_usmili_se.mp3\">Rakovnik<\/a><\/p>\n<p>Slava: <a href=\"http:\/\/www.donbosko.si\/sites\/default\/files\/pages\/datoteke\/opz2017_03_slava.mp3\">Rakovnik<\/a><\/p>\n<p>Psalm: <a href=\"http:\/\/www.donbosko.si\/sites\/default\/files\/pages\/datoteke\/opz2017_04_kakor_sem_jaz_ljubil_vas.mp3\">Kakor sem jaz, ljubil vas<\/a><\/p>\n<p>Aleluja: Toronto<\/p>\n<p>Darovanje: <a href=\"http:\/\/www.donbosko.si\/sites\/default\/files\/pages\/datoteke\/opz2017_07_sprejmi_nasa_srca.mp3\">Aba o\u010de, v tvoji hi\u0161i zbrani smo kot neko\u010d<\/a><\/p>\n<p>Vera: <a href=\"http:\/\/www.donbosko.si\/sites\/default\/files\/pages\/datoteke\/opz2017_06_vera.mp3\">Rakovnik<\/a><\/p>\n<p>Svet: <a href=\"http:\/\/www.donbosko.si\/sites\/default\/files\/pages\/datoteke\/opz2017_08_svet.mp3\">Rakovnik<\/a><\/p>\n<p>Jagnje: <a href=\"http:\/\/www.donbosko.si\/sites\/default\/files\/pages\/datoteke\/opz2017_09_jagnje_bozje.mp3\">Rakovnik<\/a><\/p>\n<p>Obhajilo:<\/p>\n<p><a href=\"http:\/\/www.donbosko.si\/sites\/default\/files\/pages\/datoteke\/opz2017_11_jezusu.mp3\">Jezus pridi, pridi<\/a><\/p>\n<p><a href=\"http:\/\/natalijapodjavorsek.splet.arnes.si\/files\/2017\/03\/Prvoobhajancu-11.pesem_.pdf\">Prvoobhajancu-11.pesem_<\/a><\/p>\n<p>Moj Jezus Re\u0161itelj ?<\/p>\n<p>Nebe\u0161ki Jeruzalem<\/p>\n<p>Po zahvalah: <a href=\"http:\/\/www.donbosko.si\/sites\/default\/files\/pages\/datoteke\/opz2017_12_hvala_marija_1.mp3\">Hvala ker ti Marija<\/a><\/p>\n<p>Konec:<\/p>\n<p>Dal si \u010disto mi srce<\/p>\n<p><a href=\"http:\/\/natalijapodjavorsek.splet.arnes.si\/files\/2017\/03\/veseli_clovek_se.pdf\">veseli_clovek_se<\/a><\/p>\n<p>VELIKO NOT ZA TE PESMI DOBI\u0160 NA\u00a0 http:\/\/www.donbosko.si\/repertoar-opz-2017<\/p>\n<p>&nbsp;<\/p>\n","protected":false},"excerpt":{"rendered":"<p>Uvod: Ob mizi v skupnost nas dru\u017ei\u0161 Gospod usmili se: Rakovnik Slava: Rakovnik Psalm: Kakor sem jaz, ljubil vas Aleluja: Toronto Darovanje: Aba o\u010de, v tvoji hi\u0161i zbrani smo kot neko\u010d Vera: Rakovnik Svet: Rakovnik Jagnje: Rakovnik Obhajilo: Jezus pridi, &hellip; <a href=\"https:\/\/natalijapodjavorsek.splet.arnes.si\/?page_id=987\">Beri naprej <span class=\"meta-nav\">&rarr;<\/span><\/a><\/p>\n","protected":false},"author":2218,"featured_media":0,"parent":513,"menu_order":0,"comment_status":"closed","ping_status":"closed","template":"","meta":{"footnotes":""},"class_list":["post-987","page","type-page","status-publish","hentry"],"_links":{"self":[{"href":"https:\/\/natalijapodjavorsek.splet.arnes.si\/index.php?rest_route=\/wp\/v2\/pages\/987","targetHints":{"allow":["GET"]}}],"collection":[{"href":"https:\/\/natalijapodjavorsek.splet.arnes.si\/index.php?rest_route=\/wp\/v2\/pages"}],"about":[{"href":"https:\/\/natalijapodjavorsek.splet.arnes.si\/index.php?rest_route=\/wp\/v2\/types\/page"}],"author":[{"embeddable":true,"href":"https:\/\/natalijapodjavorsek.splet.arnes.si\/index.php?rest_route=\/wp\/v2\/users\/2218"}],"replies":[{"embeddable":true,"href":"https:\/\/natalijapodjavorsek.splet.arnes.si\/index.php?rest_route=%2Fwp%2Fv2%2Fcomments&post=987"}],"version-history":[{"count":14,"href":"https:\/\/natalijapodjavorsek.splet.arnes.si\/index.php?rest_route=\/wp\/v2\/pages\/987\/revisions"}],"predecessor-version":[{"id":1017,"href":"https:\/\/natalijapodjavorsek.splet.arnes.si\/index.php?rest_route=\/wp\/v2\/pages\/987\/revisions\/1017"}],"up":[{"embeddable":true,"href":"https:\/\/natalijapodjavorsek.splet.arnes.si\/index.php?rest_route=\/wp\/v2\/pages\/513"}],"wp:attachment":[{"href":"https:\/\/natalijapodjavorsek.splet.arnes.si\/index.php?rest_route=%2Fwp%2Fv2%2Fmedia&parent=987"}],"curies":[{"name":"wp","href":"https:\/\/api.w.org\/{rel}","templated":true}]}}